{"id":41543,"date":"2025-01-20T17:24:51","date_gmt":"2025-01-20T16:24:51","guid":{"rendered":"https:\/\/www.dontpanicgames.com\/?post_type=product&#038;p=41543"},"modified":"2025-01-22T15:55:03","modified_gmt":"2025-01-22T14:55:03","slug":"figurines-fateforge","status":"publish","type":"product","link":"https:\/\/staging.dontpanicgames.com\/fr\/shop\/jeux\/figurines-fateforge\/","title":{"rendered":"Fateforge &#8211; Set figurines de boss"},"content":{"rendered":"<span class=\"et_bloom_bottom_trigger\"><\/span>","protected":false},"excerpt":{"rendered":"<p>Quatre grandes miniatures de Boss tr\u00e8s d\u00e9taill\u00e9es \u00e0 inclure dans votre aventure pour l&rsquo;ensemble de base Chronicles of Kaan et l&rsquo;extension Clash of the Immortals :<\/p>\n<p>COMPREND :<\/p>\n<p>Fiend from Beyond<br \/>\nDragonspawn<br \/>\nFarrak Earthshaker<br \/>\nUlkani Mage<\/p>\n<ul>\n<li>Taille : Ukani Mage : 55cm<br \/>\n                     Farrak Earthshaker : 61 cm<br \/>\n                     Fiend from Beyond : 62 cm<br \/>\n                     Dragonspawn : 83 cm <\/li>\n","protected":false},"featured_media":41545,"template":"","meta":{"_acf_changed":false},"product_brand":[],"product_cat":[381],"product_tag":[984],"class_list":{"0":"post-41543","1":"product","2":"type-product","3":"status-publish","4":"has-post-thumbnail","6":"product_cat-jeux","7":"product_tag-figurines","8":"product_shipping_class-standard-fr","10":"first","11":"instock","12":"taxable","13":"shipping-taxable","14":"purchasable","15":"product-type-simple"},"acf":[],"yoast_head":"<!-- This site is optimized with the Yoast SEO plugin v25.2 - https:\/\/yoast.com\/wordpress\/plugins\/seo\/ -->\n<title>Fateforge - Set figurines de boss - Don&#039;t Panic Games<\/title>\n<meta name=\"robots\" content=\"index, follow, max-snippet:-1, max-image-preview:large, max-video-preview:-1\" \/>\n<link rel=\"canonical\" href=\"https:\/\/staging.dontpanicgames.com\/fr\/shop\/jeux\/figurines-fateforge\/\" \/>\n<meta property=\"og:locale\" content=\"fr_FR\" \/>\n<meta property=\"og:type\" content=\"article\" \/>\n<meta property=\"og:title\" content=\"Fateforge - Set figurines de boss - Don&#039;t Panic Games\" \/>\n<meta property=\"og:description\" content=\"Quatre grandes miniatures de Boss tr\u00e8s d\u00e9taill\u00e9es \u00e0 inclure dans votre aventure pour l&#039;ensemble de base Chronicles of Kaan et l&#039;extension Clash of the Immortals :  COMPREND :  Fiend from Beyond Dragonspawn Farrak Earthshaker Ulkani Mage   Taille : Ukani Mage : 55cm            Farrak Earthshaker : 61 cm            Fiend from Beyond : 62 cm            Dragonspawn : 83 cm\" \/>\n<meta property=\"og:url\" content=\"https:\/\/staging.dontpanicgames.com\/fr\/shop\/jeux\/figurines-fateforge\/\" \/>\n<meta property=\"og:site_name\" content=\"Don&#039;t Panic Games\" \/>\n<meta property=\"article:publisher\" content=\"https:\/\/www.facebook.com\/dontpanicgames\/\" \/>\n<meta property=\"article:modified_time\" content=\"2025-01-22T14:55:03+00:00\" \/>\n<meta property=\"og:image\" content=\"https:\/\/staging.dontpanicgames.com\/wp-content\/uploads\/2025\/01\/mbff005.png\" \/>\n\t<meta property=\"og:image:width\" content=\"750\" \/>\n\t<meta property=\"og:image:height\" content=\"750\" \/>\n\t<meta property=\"og:image:type\" content=\"image\/png\" \/>\n<meta name=\"twitter:card\" content=\"summary_large_image\" \/>\n<meta name=\"twitter:site\" content=\"@DontPanicGames1\" \/>\n<meta name=\"twitter:label1\" content=\"Dur\u00e9e de lecture estim\u00e9e\" \/>\n\t<meta name=\"twitter:data1\" content=\"1 minute\" \/>\n<script type=\"application\/ld+json\" class=\"yoast-schema-graph\">{\"@context\":\"https:\/\/schema.org\",\"@graph\":[{\"@type\":\"WebPage\",\"@id\":\"https:\/\/staging.dontpanicgames.com\/fr\/shop\/jeux\/figurines-fateforge\/\",\"url\":\"https:\/\/staging.dontpanicgames.com\/fr\/shop\/jeux\/figurines-fateforge\/\",\"name\":\"Fateforge - Set figurines de boss - Don&#039;t Panic Games\",\"isPartOf\":{\"@id\":\"https:\/\/staging.dontpanicgames.com\/fr\/#website\"},\"primaryImageOfPage\":{\"@id\":\"https:\/\/staging.dontpanicgames.com\/fr\/shop\/jeux\/figurines-fateforge\/#primaryimage\"},\"image\":{\"@id\":\"https:\/\/staging.dontpanicgames.com\/fr\/shop\/jeux\/figurines-fateforge\/#primaryimage\"},\"thumbnailUrl\":\"https:\/\/staging.dontpanicgames.com\/wp-content\/uploads\/2025\/01\/mbff005.png\",\"datePublished\":\"2025-01-20T16:24:51+00:00\",\"dateModified\":\"2025-01-22T14:55:03+00:00\",\"breadcrumb\":{\"@id\":\"https:\/\/staging.dontpanicgames.com\/fr\/shop\/jeux\/figurines-fateforge\/#breadcrumb\"},\"inLanguage\":\"fr-FR\",\"potentialAction\":[{\"@type\":\"ReadAction\",\"target\":[\"https:\/\/staging.dontpanicgames.com\/fr\/shop\/jeux\/figurines-fateforge\/\"]}]},{\"@type\":\"ImageObject\",\"inLanguage\":\"fr-FR\",\"@id\":\"https:\/\/staging.dontpanicgames.com\/fr\/shop\/jeux\/figurines-fateforge\/#primaryimage\",\"url\":\"https:\/\/staging.dontpanicgames.com\/wp-content\/uploads\/2025\/01\/mbff005.png\",\"contentUrl\":\"https:\/\/staging.dontpanicgames.com\/wp-content\/uploads\/2025\/01\/mbff005.png\",\"width\":750,\"height\":750},{\"@type\":\"BreadcrumbList\",\"@id\":\"https:\/\/staging.dontpanicgames.com\/fr\/shop\/jeux\/figurines-fateforge\/#breadcrumb\",\"itemListElement\":[{\"@type\":\"ListItem\",\"position\":1,\"name\":\"Accueil\",\"item\":\"https:\/\/staging.dontpanicgames.com\/fr\/\"},{\"@type\":\"ListItem\",\"position\":2,\"name\":\"Nos jeux\",\"item\":\"https:\/\/staging.dontpanicgames.com\/fr\/nos-jeux\/\"},{\"@type\":\"ListItem\",\"position\":3,\"name\":\"Jeux\",\"item\":\"https:\/\/staging.dontpanicgames.com\/fr\/shop\/c\/jeux\/\"},{\"@type\":\"ListItem\",\"position\":4,\"name\":\"Fateforge &#8211; Set figurines de boss\"}]},{\"@type\":\"WebSite\",\"@id\":\"https:\/\/staging.dontpanicgames.com\/fr\/#website\",\"url\":\"https:\/\/staging.dontpanicgames.com\/fr\/\",\"name\":\"Don&#039;t Panic Games\",\"description\":\"Don&#039;t Panic Games.com website\",\"potentialAction\":[{\"@type\":\"SearchAction\",\"target\":{\"@type\":\"EntryPoint\",\"urlTemplate\":\"https:\/\/staging.dontpanicgames.com\/fr\/?s={search_term_string}\"},\"query-input\":{\"@type\":\"PropertyValueSpecification\",\"valueRequired\":true,\"valueName\":\"search_term_string\"}}],\"inLanguage\":\"fr-FR\"}]}<\/script>\n<!-- \/ Yoast SEO plugin. -->","yoast_head_json":{"title":"Fateforge - Set figurines de boss - Don&#039;t Panic Games","robots":{"index":"index","follow":"follow","max-snippet":"max-snippet:-1","max-image-preview":"max-image-preview:large","max-video-preview":"max-video-preview:-1"},"canonical":"https:\/\/staging.dontpanicgames.com\/fr\/shop\/jeux\/figurines-fateforge\/","og_locale":"fr_FR","og_type":"article","og_title":"Fateforge - Set figurines de boss - Don&#039;t Panic Games","og_description":"Quatre grandes miniatures de Boss tr\u00e8s d\u00e9taill\u00e9es \u00e0 inclure dans votre aventure pour l'ensemble de base Chronicles of Kaan et l'extension Clash of the Immortals :  COMPREND :  Fiend from Beyond Dragonspawn Farrak Earthshaker Ulkani Mage   Taille : Ukani Mage : 55cm            Farrak Earthshaker : 61 cm            Fiend from Beyond : 62 cm            Dragonspawn : 83 cm","og_url":"https:\/\/staging.dontpanicgames.com\/fr\/shop\/jeux\/figurines-fateforge\/","og_site_name":"Don&#039;t Panic Games","article_publisher":"https:\/\/www.facebook.com\/dontpanicgames\/","article_modified_time":"2025-01-22T14:55:03+00:00","og_image":[{"width":750,"height":750,"url":"https:\/\/staging.dontpanicgames.com\/wp-content\/uploads\/2025\/01\/mbff005.png","type":"image\/png"}],"twitter_card":"summary_large_image","twitter_site":"@DontPanicGames1","twitter_misc":{"Dur\u00e9e de lecture estim\u00e9e":"1 minute"},"schema":{"@context":"https:\/\/schema.org","@graph":[{"@type":"WebPage","@id":"https:\/\/staging.dontpanicgames.com\/fr\/shop\/jeux\/figurines-fateforge\/","url":"https:\/\/staging.dontpanicgames.com\/fr\/shop\/jeux\/figurines-fateforge\/","name":"Fateforge - Set figurines de boss - Don&#039;t Panic Games","isPartOf":{"@id":"https:\/\/staging.dontpanicgames.com\/fr\/#website"},"primaryImageOfPage":{"@id":"https:\/\/staging.dontpanicgames.com\/fr\/shop\/jeux\/figurines-fateforge\/#primaryimage"},"image":{"@id":"https:\/\/staging.dontpanicgames.com\/fr\/shop\/jeux\/figurines-fateforge\/#primaryimage"},"thumbnailUrl":"https:\/\/staging.dontpanicgames.com\/wp-content\/uploads\/2025\/01\/mbff005.png","datePublished":"2025-01-20T16:24:51+00:00","dateModified":"2025-01-22T14:55:03+00:00","breadcrumb":{"@id":"https:\/\/staging.dontpanicgames.com\/fr\/shop\/jeux\/figurines-fateforge\/#breadcrumb"},"inLanguage":"fr-FR","potentialAction":[{"@type":"ReadAction","target":["https:\/\/staging.dontpanicgames.com\/fr\/shop\/jeux\/figurines-fateforge\/"]}]},{"@type":"ImageObject","inLanguage":"fr-FR","@id":"https:\/\/staging.dontpanicgames.com\/fr\/shop\/jeux\/figurines-fateforge\/#primaryimage","url":"https:\/\/staging.dontpanicgames.com\/wp-content\/uploads\/2025\/01\/mbff005.png","contentUrl":"https:\/\/staging.dontpanicgames.com\/wp-content\/uploads\/2025\/01\/mbff005.png","width":750,"height":750},{"@type":"BreadcrumbList","@id":"https:\/\/staging.dontpanicgames.com\/fr\/shop\/jeux\/figurines-fateforge\/#breadcrumb","itemListElement":[{"@type":"ListItem","position":1,"name":"Accueil","item":"https:\/\/staging.dontpanicgames.com\/fr\/"},{"@type":"ListItem","position":2,"name":"Nos jeux","item":"https:\/\/staging.dontpanicgames.com\/fr\/nos-jeux\/"},{"@type":"ListItem","position":3,"name":"Jeux","item":"https:\/\/staging.dontpanicgames.com\/fr\/shop\/c\/jeux\/"},{"@type":"ListItem","position":4,"name":"Fateforge &#8211; Set figurines de boss"}]},{"@type":"WebSite","@id":"https:\/\/staging.dontpanicgames.com\/fr\/#website","url":"https:\/\/staging.dontpanicgames.com\/fr\/","name":"Don&#039;t Panic Games","description":"Don&#039;t Panic Games.com website","potentialAction":[{"@type":"SearchAction","target":{"@type":"EntryPoint","urlTemplate":"https:\/\/staging.dontpanicgames.com\/fr\/?s={search_term_string}"},"query-input":{"@type":"PropertyValueSpecification","valueRequired":true,"valueName":"search_term_string"}}],"inLanguage":"fr-FR"}]}},"_links":{"self":[{"href":"https:\/\/staging.dontpanicgames.com\/fr\/wp-json\/wp\/v2\/product\/41543","targetHints":{"allow":["GET"]}}],"collection":[{"href":"https:\/\/staging.dontpanicgames.com\/fr\/wp-json\/wp\/v2\/product"}],"about":[{"href":"https:\/\/staging.dontpanicgames.com\/fr\/wp-json\/wp\/v2\/types\/product"}],"wp:featuredmedia":[{"embeddable":true,"href":"https:\/\/staging.dontpanicgames.com\/fr\/wp-json\/wp\/v2\/media\/41545"}],"wp:attachment":[{"href":"https:\/\/staging.dontpanicgames.com\/fr\/wp-json\/wp\/v2\/media?parent=41543"}],"wp:term":[{"taxonomy":"product_brand","embeddable":true,"href":"https:\/\/staging.dontpanicgames.com\/fr\/wp-json\/wp\/v2\/product_brand?post=41543"},{"taxonomy":"product_cat","embeddable":true,"href":"https:\/\/staging.dontpanicgames.com\/fr\/wp-json\/wp\/v2\/product_cat?post=41543"},{"taxonomy":"product_tag","embeddable":true,"href":"https:\/\/staging.dontpanicgames.com\/fr\/wp-json\/wp\/v2\/product_tag?post=41543"}],"curies":[{"name":"wp","href":"https:\/\/api.w.org\/{rel}","templated":true}]}}