{"id":31876,"date":"2023-03-31T09:28:18","date_gmt":"2023-03-31T08:28:18","guid":{"rendered":"https:\/\/www.dontpanicgames.com\/?post_type=product&#038;p=31876"},"modified":"2024-08-14T14:59:34","modified_gmt":"2024-08-14T13:59:34","slug":"sleeves-evangelion-rei","status":"publish","type":"product","link":"https:\/\/staging.dontpanicgames.com\/fr\/shop\/level-42\/sleeves-evangelion-rei\/","title":{"rendered":"Sleeves Evangelion &#8211; Rei"},"content":{"rendered":"<span class=\"et_bloom_bottom_trigger\"><\/span>","protected":false},"excerpt":{"rendered":"<p>Combattez du c\u00f4t\u00e9 de Rei avec ces sleeves officielles <em>Evangelion<\/em> ! Ces sleeves uniques sont con\u00e7ues pour prot\u00e9ger et embellir vos cartes de jeu de taille standard (poker).<\/p>\n<ul>\n<li>Taille : 6.6&#215;9.1<span id=\"page219R_mcid373\" class=\"markedContent\"><span dir=\"ltr\" role=\"presentation\">\u00a0<\/span><\/span><span id=\"page208R_mcid334\" class=\"markedContent\"><span dir=\"ltr\" role=\"presentation\">cm<\/span><\/span><\/li>\n<li>Nombre de sleeves par pack : 60<\/li>\n<\/ul>\n","protected":false},"featured_media":31789,"template":"","meta":{"_acf_changed":false},"product_brand":[],"product_cat":[897,469],"product_tag":[827],"class_list":{"0":"post-31876","1":"product","2":"type-product","3":"status-publish","4":"has-post-thumbnail","6":"product_cat-accessoires","7":"product_cat-level-42","8":"product_tag-sleeves","9":"product_shipping_class-standard-fr","11":"first","12":"instock","13":"taxable","14":"shipping-taxable","15":"purchasable","16":"product-type-simple"},"acf":[],"yoast_head":"<!-- This site is optimized with the Yoast SEO plugin v25.2 - https:\/\/yoast.com\/wordpress\/plugins\/seo\/ -->\n<title>Sleeves Evangelion - Rei - Don&#039;t Panic Games<\/title>\n<meta name=\"robots\" content=\"index, follow, max-snippet:-1, max-image-preview:large, max-video-preview:-1\" \/>\n<link rel=\"canonical\" href=\"https:\/\/staging.dontpanicgames.com\/fr\/shop\/level-42\/sleeves-evangelion-rei\/\" \/>\n<meta property=\"og:locale\" content=\"fr_FR\" \/>\n<meta property=\"og:type\" content=\"article\" \/>\n<meta property=\"og:title\" content=\"Sleeves Evangelion - Rei - Don&#039;t Panic Games\" \/>\n<meta property=\"og:description\" content=\"Combattez du c\u00f4t\u00e9 de Rei avec ces sleeves officielles Evangelion ! Ces sleeves uniques sont con\u00e7ues pour prot\u00e9ger et embellir vos cartes de jeu de taille standard (poker).   Taille : 6.6x9.1\u00a0cm  Nombre de sleeves par pack : 60\" \/>\n<meta property=\"og:url\" content=\"https:\/\/staging.dontpanicgames.com\/fr\/shop\/level-42\/sleeves-evangelion-rei\/\" \/>\n<meta property=\"og:site_name\" content=\"Don&#039;t Panic Games\" \/>\n<meta property=\"article:publisher\" content=\"https:\/\/www.facebook.com\/dontpanicgames\/\" \/>\n<meta property=\"article:modified_time\" content=\"2024-08-14T13:59:34+00:00\" \/>\n<meta property=\"og:image\" content=\"https:\/\/staging.dontpanicgames.com\/wp-content\/uploads\/2017\/01\/logo-dpg.png\" \/>\n\t<meta property=\"og:image:width\" content=\"180\" \/>\n\t<meta property=\"og:image:height\" content=\"180\" \/>\n\t<meta property=\"og:image:type\" content=\"image\/png\" \/>\n<meta name=\"twitter:card\" content=\"summary_large_image\" \/>\n<meta name=\"twitter:site\" content=\"@DontPanicGames1\" \/>\n<script type=\"application\/ld+json\" class=\"yoast-schema-graph\">{\"@context\":\"https:\/\/schema.org\",\"@graph\":[{\"@type\":\"WebPage\",\"@id\":\"https:\/\/staging.dontpanicgames.com\/fr\/shop\/level-42\/sleeves-evangelion-rei\/\",\"url\":\"https:\/\/staging.dontpanicgames.com\/fr\/shop\/level-42\/sleeves-evangelion-rei\/\",\"name\":\"Sleeves Evangelion - Rei - Don&#039;t Panic Games\",\"isPartOf\":{\"@id\":\"https:\/\/staging.dontpanicgames.com\/fr\/#website\"},\"primaryImageOfPage\":{\"@id\":\"https:\/\/staging.dontpanicgames.com\/fr\/shop\/level-42\/sleeves-evangelion-rei\/#primaryimage\"},\"image\":{\"@id\":\"https:\/\/staging.dontpanicgames.com\/fr\/shop\/level-42\/sleeves-evangelion-rei\/#primaryimage\"},\"thumbnailUrl\":\"https:\/\/staging.dontpanicgames.com\/wp-content\/uploads\/2023\/03\/evangelion-sleeve-packshot-1.jpg\",\"datePublished\":\"2023-03-31T08:28:18+00:00\",\"dateModified\":\"2024-08-14T13:59:34+00:00\",\"breadcrumb\":{\"@id\":\"https:\/\/staging.dontpanicgames.com\/fr\/shop\/level-42\/sleeves-evangelion-rei\/#breadcrumb\"},\"inLanguage\":\"fr-FR\",\"potentialAction\":[{\"@type\":\"ReadAction\",\"target\":[\"https:\/\/staging.dontpanicgames.com\/fr\/shop\/level-42\/sleeves-evangelion-rei\/\"]}]},{\"@type\":\"ImageObject\",\"inLanguage\":\"fr-FR\",\"@id\":\"https:\/\/staging.dontpanicgames.com\/fr\/shop\/level-42\/sleeves-evangelion-rei\/#primaryimage\",\"url\":\"https:\/\/staging.dontpanicgames.com\/wp-content\/uploads\/2023\/03\/evangelion-sleeve-packshot-1.jpg\",\"contentUrl\":\"https:\/\/staging.dontpanicgames.com\/wp-content\/uploads\/2023\/03\/evangelion-sleeve-packshot-1.jpg\",\"width\":800,\"height\":800},{\"@type\":\"BreadcrumbList\",\"@id\":\"https:\/\/staging.dontpanicgames.com\/fr\/shop\/level-42\/sleeves-evangelion-rei\/#breadcrumb\",\"itemListElement\":[{\"@type\":\"ListItem\",\"position\":1,\"name\":\"Accueil\",\"item\":\"https:\/\/staging.dontpanicgames.com\/fr\/\"},{\"@type\":\"ListItem\",\"position\":2,\"name\":\"Nos jeux\",\"item\":\"https:\/\/staging.dontpanicgames.com\/fr\/nos-jeux\/\"},{\"@type\":\"ListItem\",\"position\":3,\"name\":\"Level 42\",\"item\":\"https:\/\/staging.dontpanicgames.com\/fr\/shop\/c\/level-42\/\"},{\"@type\":\"ListItem\",\"position\":4,\"name\":\"Sleeves Evangelion &#8211; Rei\"}]},{\"@type\":\"WebSite\",\"@id\":\"https:\/\/staging.dontpanicgames.com\/fr\/#website\",\"url\":\"https:\/\/staging.dontpanicgames.com\/fr\/\",\"name\":\"Don&#039;t Panic Games\",\"description\":\"Don&#039;t Panic Games.com website\",\"potentialAction\":[{\"@type\":\"SearchAction\",\"target\":{\"@type\":\"EntryPoint\",\"urlTemplate\":\"https:\/\/staging.dontpanicgames.com\/fr\/?s={search_term_string}\"},\"query-input\":{\"@type\":\"PropertyValueSpecification\",\"valueRequired\":true,\"valueName\":\"search_term_string\"}}],\"inLanguage\":\"fr-FR\"}]}<\/script>\n<!-- \/ Yoast SEO plugin. -->","yoast_head_json":{"title":"Sleeves Evangelion - Rei - Don&#039;t Panic Games","robots":{"index":"index","follow":"follow","max-snippet":"max-snippet:-1","max-image-preview":"max-image-preview:large","max-video-preview":"max-video-preview:-1"},"canonical":"https:\/\/staging.dontpanicgames.com\/fr\/shop\/level-42\/sleeves-evangelion-rei\/","og_locale":"fr_FR","og_type":"article","og_title":"Sleeves Evangelion - Rei - Don&#039;t Panic Games","og_description":"Combattez du c\u00f4t\u00e9 de Rei avec ces sleeves officielles Evangelion ! Ces sleeves uniques sont con\u00e7ues pour prot\u00e9ger et embellir vos cartes de jeu de taille standard (poker).   Taille : 6.6x9.1\u00a0cm  Nombre de sleeves par pack : 60","og_url":"https:\/\/staging.dontpanicgames.com\/fr\/shop\/level-42\/sleeves-evangelion-rei\/","og_site_name":"Don&#039;t Panic Games","article_publisher":"https:\/\/www.facebook.com\/dontpanicgames\/","article_modified_time":"2024-08-14T13:59:34+00:00","og_image":[{"width":180,"height":180,"url":"https:\/\/staging.dontpanicgames.com\/wp-content\/uploads\/2017\/01\/logo-dpg.png","type":"image\/png"}],"twitter_card":"summary_large_image","twitter_site":"@DontPanicGames1","schema":{"@context":"https:\/\/schema.org","@graph":[{"@type":"WebPage","@id":"https:\/\/staging.dontpanicgames.com\/fr\/shop\/level-42\/sleeves-evangelion-rei\/","url":"https:\/\/staging.dontpanicgames.com\/fr\/shop\/level-42\/sleeves-evangelion-rei\/","name":"Sleeves Evangelion - Rei - Don&#039;t Panic Games","isPartOf":{"@id":"https:\/\/staging.dontpanicgames.com\/fr\/#website"},"primaryImageOfPage":{"@id":"https:\/\/staging.dontpanicgames.com\/fr\/shop\/level-42\/sleeves-evangelion-rei\/#primaryimage"},"image":{"@id":"https:\/\/staging.dontpanicgames.com\/fr\/shop\/level-42\/sleeves-evangelion-rei\/#primaryimage"},"thumbnailUrl":"https:\/\/staging.dontpanicgames.com\/wp-content\/uploads\/2023\/03\/evangelion-sleeve-packshot-1.jpg","datePublished":"2023-03-31T08:28:18+00:00","dateModified":"2024-08-14T13:59:34+00:00","breadcrumb":{"@id":"https:\/\/staging.dontpanicgames.com\/fr\/shop\/level-42\/sleeves-evangelion-rei\/#breadcrumb"},"inLanguage":"fr-FR","potentialAction":[{"@type":"ReadAction","target":["https:\/\/staging.dontpanicgames.com\/fr\/shop\/level-42\/sleeves-evangelion-rei\/"]}]},{"@type":"ImageObject","inLanguage":"fr-FR","@id":"https:\/\/staging.dontpanicgames.com\/fr\/shop\/level-42\/sleeves-evangelion-rei\/#primaryimage","url":"https:\/\/staging.dontpanicgames.com\/wp-content\/uploads\/2023\/03\/evangelion-sleeve-packshot-1.jpg","contentUrl":"https:\/\/staging.dontpanicgames.com\/wp-content\/uploads\/2023\/03\/evangelion-sleeve-packshot-1.jpg","width":800,"height":800},{"@type":"BreadcrumbList","@id":"https:\/\/staging.dontpanicgames.com\/fr\/shop\/level-42\/sleeves-evangelion-rei\/#breadcrumb","itemListElement":[{"@type":"ListItem","position":1,"name":"Accueil","item":"https:\/\/staging.dontpanicgames.com\/fr\/"},{"@type":"ListItem","position":2,"name":"Nos jeux","item":"https:\/\/staging.dontpanicgames.com\/fr\/nos-jeux\/"},{"@type":"ListItem","position":3,"name":"Level 42","item":"https:\/\/staging.dontpanicgames.com\/fr\/shop\/c\/level-42\/"},{"@type":"ListItem","position":4,"name":"Sleeves Evangelion &#8211; Rei"}]},{"@type":"WebSite","@id":"https:\/\/staging.dontpanicgames.com\/fr\/#website","url":"https:\/\/staging.dontpanicgames.com\/fr\/","name":"Don&#039;t Panic Games","description":"Don&#039;t Panic Games.com website","potentialAction":[{"@type":"SearchAction","target":{"@type":"EntryPoint","urlTemplate":"https:\/\/staging.dontpanicgames.com\/fr\/?s={search_term_string}"},"query-input":{"@type":"PropertyValueSpecification","valueRequired":true,"valueName":"search_term_string"}}],"inLanguage":"fr-FR"}]}},"_links":{"self":[{"href":"https:\/\/staging.dontpanicgames.com\/fr\/wp-json\/wp\/v2\/product\/31876","targetHints":{"allow":["GET"]}}],"collection":[{"href":"https:\/\/staging.dontpanicgames.com\/fr\/wp-json\/wp\/v2\/product"}],"about":[{"href":"https:\/\/staging.dontpanicgames.com\/fr\/wp-json\/wp\/v2\/types\/product"}],"wp:featuredmedia":[{"embeddable":true,"href":"https:\/\/staging.dontpanicgames.com\/fr\/wp-json\/wp\/v2\/media\/31789"}],"wp:attachment":[{"href":"https:\/\/staging.dontpanicgames.com\/fr\/wp-json\/wp\/v2\/media?parent=31876"}],"wp:term":[{"taxonomy":"product_brand","embeddable":true,"href":"https:\/\/staging.dontpanicgames.com\/fr\/wp-json\/wp\/v2\/product_brand?post=31876"},{"taxonomy":"product_cat","embeddable":true,"href":"https:\/\/staging.dontpanicgames.com\/fr\/wp-json\/wp\/v2\/product_cat?post=31876"},{"taxonomy":"product_tag","embeddable":true,"href":"https:\/\/staging.dontpanicgames.com\/fr\/wp-json\/wp\/v2\/product_tag?post=31876"}],"curies":[{"name":"wp","href":"https:\/\/api.w.org\/{rel}","templated":true}]}}