{"id":31367,"date":"2023-02-21T16:57:51","date_gmt":"2023-02-21T15:57:51","guid":{"rendered":"https:\/\/www.dontpanicgames.com\/?post_type=product&#038;p=31367"},"modified":"2024-03-27T11:56:10","modified_gmt":"2024-03-27T10:56:10","slug":"plateaux-supplementaires-fighters-of-the-pacific","status":"publish","type":"product","link":"https:\/\/staging.dontpanicgames.com\/fr\/shop\/jeux\/plateaux-supplementaires-fighters-of-the-pacific\/","title":{"rendered":"Plateaux suppl\u00e9mentaires Fighters of the Pacific"},"content":{"rendered":"<span class=\"et_bloom_bottom_trigger\"><\/span>","protected":false},"excerpt":{"rendered":"<div class=\"message-2qnXI6 cozyMessage-3V1Y8y groupStart-23k01U wrapper-2a6GCs cozy-3raOZG zalgo-jN1Ica\" tabindex=\"-1\" role=\"article\" data-list-item-id=\"chat-messages___chat-messages-915636352517799996\" aria-setsize=\"-1\" aria-roledescription=\"Message\" aria-labelledby=\"message-username-915636352517799996 uid_1 message-content-915636352517799996 uid_2 message-timestamp-915636352517799996\" aria-describedby=\"\">\n<div class=\"contents-2mQqc9\">\n<div id=\"message-content-915636352517799996\" class=\"markup-2BOw-j messageContent-2qWWxC\">Ce pack propose le m\u00eame ensemble de 8 plateaux de jeu que celui inclus dans le jeu de base. Ces derniers peuvent \u00eatre empil\u00e9s dans toutes les directions, vous pouvez, en combinaison avec le plateau de jeu de base, construire des cartes de bataille plus grandes et m\u00eame doubler la surface de jeu.<\/div>\n<\/div>\n<\/div>\n","protected":false},"featured_media":31391,"template":"","meta":{"_acf_changed":false},"product_brand":[],"product_cat":[381],"product_tag":[],"class_list":{"0":"post-31367","1":"product","2":"type-product","3":"status-publish","4":"has-post-thumbnail","6":"product_cat-jeux","7":"product_shipping_class-standard-fr","9":"first","10":"outofstock","11":"taxable","12":"shipping-taxable","13":"purchasable","14":"product-type-simple"},"acf":[],"yoast_head":"<!-- This site is optimized with the Yoast SEO plugin v25.2 - https:\/\/yoast.com\/wordpress\/plugins\/seo\/ -->\n<title>Plateaux suppl\u00e9mentaires Fighters of the Pacific - Don&#039;t Panic Games<\/title>\n<meta name=\"robots\" content=\"index, follow, max-snippet:-1, max-image-preview:large, max-video-preview:-1\" \/>\n<link rel=\"canonical\" href=\"https:\/\/staging.dontpanicgames.com\/fr\/shop\/jeux\/plateaux-supplementaires-fighters-of-the-pacific\/\" \/>\n<meta property=\"og:locale\" content=\"fr_FR\" \/>\n<meta property=\"og:type\" content=\"article\" \/>\n<meta property=\"og:title\" content=\"Plateaux suppl\u00e9mentaires Fighters of the Pacific - Don&#039;t Panic Games\" \/>\n<meta property=\"og:description\" content=\"Ce pack propose le m\u00eame ensemble de 8 plateaux de jeu que celui inclus dans le jeu de base. Ces derniers peuvent \u00eatre empil\u00e9s dans toutes les directions, vous pouvez, en combinaison avec le plateau de jeu de base, construire des cartes de bataille plus grandes et m\u00eame doubler la surface de jeu.\" \/>\n<meta property=\"og:url\" content=\"https:\/\/staging.dontpanicgames.com\/fr\/shop\/jeux\/plateaux-supplementaires-fighters-of-the-pacific\/\" \/>\n<meta property=\"og:site_name\" content=\"Don&#039;t Panic Games\" \/>\n<meta property=\"article:publisher\" content=\"https:\/\/www.facebook.com\/dontpanicgames\/\" \/>\n<meta property=\"article:modified_time\" content=\"2024-03-27T10:56:10+00:00\" \/>\n<meta property=\"og:image\" content=\"https:\/\/staging.dontpanicgames.com\/wp-content\/uploads\/2023\/02\/images_produit_-add-on-extra-board.jpg\" \/>\n\t<meta property=\"og:image:width\" content=\"1250\" \/>\n\t<meta property=\"og:image:height\" content=\"1250\" \/>\n\t<meta property=\"og:image:type\" content=\"image\/jpeg\" \/>\n<meta name=\"twitter:card\" content=\"summary_large_image\" \/>\n<meta name=\"twitter:site\" content=\"@DontPanicGames1\" \/>\n<meta name=\"twitter:label1\" content=\"Dur\u00e9e de lecture estim\u00e9e\" \/>\n\t<meta name=\"twitter:data1\" content=\"1 minute\" \/>\n<script type=\"application\/ld+json\" class=\"yoast-schema-graph\">{\"@context\":\"https:\/\/schema.org\",\"@graph\":[{\"@type\":\"WebPage\",\"@id\":\"https:\/\/staging.dontpanicgames.com\/fr\/shop\/jeux\/plateaux-supplementaires-fighters-of-the-pacific\/\",\"url\":\"https:\/\/staging.dontpanicgames.com\/fr\/shop\/jeux\/plateaux-supplementaires-fighters-of-the-pacific\/\",\"name\":\"Plateaux suppl\u00e9mentaires Fighters of the Pacific - Don&#039;t Panic Games\",\"isPartOf\":{\"@id\":\"https:\/\/staging.dontpanicgames.com\/fr\/#website\"},\"primaryImageOfPage\":{\"@id\":\"https:\/\/staging.dontpanicgames.com\/fr\/shop\/jeux\/plateaux-supplementaires-fighters-of-the-pacific\/#primaryimage\"},\"image\":{\"@id\":\"https:\/\/staging.dontpanicgames.com\/fr\/shop\/jeux\/plateaux-supplementaires-fighters-of-the-pacific\/#primaryimage\"},\"thumbnailUrl\":\"https:\/\/staging.dontpanicgames.com\/wp-content\/uploads\/2023\/02\/images_produit_-add-on-extra-board.jpg\",\"datePublished\":\"2023-02-21T15:57:51+00:00\",\"dateModified\":\"2024-03-27T10:56:10+00:00\",\"breadcrumb\":{\"@id\":\"https:\/\/staging.dontpanicgames.com\/fr\/shop\/jeux\/plateaux-supplementaires-fighters-of-the-pacific\/#breadcrumb\"},\"inLanguage\":\"fr-FR\",\"potentialAction\":[{\"@type\":\"ReadAction\",\"target\":[\"https:\/\/staging.dontpanicgames.com\/fr\/shop\/jeux\/plateaux-supplementaires-fighters-of-the-pacific\/\"]}]},{\"@type\":\"ImageObject\",\"inLanguage\":\"fr-FR\",\"@id\":\"https:\/\/staging.dontpanicgames.com\/fr\/shop\/jeux\/plateaux-supplementaires-fighters-of-the-pacific\/#primaryimage\",\"url\":\"https:\/\/staging.dontpanicgames.com\/wp-content\/uploads\/2023\/02\/images_produit_-add-on-extra-board.jpg\",\"contentUrl\":\"https:\/\/staging.dontpanicgames.com\/wp-content\/uploads\/2023\/02\/images_produit_-add-on-extra-board.jpg\",\"width\":1250,\"height\":1250},{\"@type\":\"BreadcrumbList\",\"@id\":\"https:\/\/staging.dontpanicgames.com\/fr\/shop\/jeux\/plateaux-supplementaires-fighters-of-the-pacific\/#breadcrumb\",\"itemListElement\":[{\"@type\":\"ListItem\",\"position\":1,\"name\":\"Accueil\",\"item\":\"https:\/\/staging.dontpanicgames.com\/fr\/\"},{\"@type\":\"ListItem\",\"position\":2,\"name\":\"Nos jeux\",\"item\":\"https:\/\/staging.dontpanicgames.com\/fr\/nos-jeux\/\"},{\"@type\":\"ListItem\",\"position\":3,\"name\":\"Jeux\",\"item\":\"https:\/\/staging.dontpanicgames.com\/fr\/shop\/c\/jeux\/\"},{\"@type\":\"ListItem\",\"position\":4,\"name\":\"Plateaux suppl\u00e9mentaires Fighters of the Pacific\"}]},{\"@type\":\"WebSite\",\"@id\":\"https:\/\/staging.dontpanicgames.com\/fr\/#website\",\"url\":\"https:\/\/staging.dontpanicgames.com\/fr\/\",\"name\":\"Don&#039;t Panic Games\",\"description\":\"Don&#039;t Panic Games.com website\",\"potentialAction\":[{\"@type\":\"SearchAction\",\"target\":{\"@type\":\"EntryPoint\",\"urlTemplate\":\"https:\/\/staging.dontpanicgames.com\/fr\/?s={search_term_string}\"},\"query-input\":{\"@type\":\"PropertyValueSpecification\",\"valueRequired\":true,\"valueName\":\"search_term_string\"}}],\"inLanguage\":\"fr-FR\"}]}<\/script>\n<!-- \/ Yoast SEO plugin. -->","yoast_head_json":{"title":"Plateaux suppl\u00e9mentaires Fighters of the Pacific - Don&#039;t Panic Games","robots":{"index":"index","follow":"follow","max-snippet":"max-snippet:-1","max-image-preview":"max-image-preview:large","max-video-preview":"max-video-preview:-1"},"canonical":"https:\/\/staging.dontpanicgames.com\/fr\/shop\/jeux\/plateaux-supplementaires-fighters-of-the-pacific\/","og_locale":"fr_FR","og_type":"article","og_title":"Plateaux suppl\u00e9mentaires Fighters of the Pacific - Don&#039;t Panic Games","og_description":"Ce pack propose le m\u00eame ensemble de 8 plateaux de jeu que celui inclus dans le jeu de base. Ces derniers peuvent \u00eatre empil\u00e9s dans toutes les directions, vous pouvez, en combinaison avec le plateau de jeu de base, construire des cartes de bataille plus grandes et m\u00eame doubler la surface de jeu.","og_url":"https:\/\/staging.dontpanicgames.com\/fr\/shop\/jeux\/plateaux-supplementaires-fighters-of-the-pacific\/","og_site_name":"Don&#039;t Panic Games","article_publisher":"https:\/\/www.facebook.com\/dontpanicgames\/","article_modified_time":"2024-03-27T10:56:10+00:00","og_image":[{"width":1250,"height":1250,"url":"https:\/\/staging.dontpanicgames.com\/wp-content\/uploads\/2023\/02\/images_produit_-add-on-extra-board.jpg","type":"image\/jpeg"}],"twitter_card":"summary_large_image","twitter_site":"@DontPanicGames1","twitter_misc":{"Dur\u00e9e de lecture estim\u00e9e":"1 minute"},"schema":{"@context":"https:\/\/schema.org","@graph":[{"@type":"WebPage","@id":"https:\/\/staging.dontpanicgames.com\/fr\/shop\/jeux\/plateaux-supplementaires-fighters-of-the-pacific\/","url":"https:\/\/staging.dontpanicgames.com\/fr\/shop\/jeux\/plateaux-supplementaires-fighters-of-the-pacific\/","name":"Plateaux suppl\u00e9mentaires Fighters of the Pacific - Don&#039;t Panic Games","isPartOf":{"@id":"https:\/\/staging.dontpanicgames.com\/fr\/#website"},"primaryImageOfPage":{"@id":"https:\/\/staging.dontpanicgames.com\/fr\/shop\/jeux\/plateaux-supplementaires-fighters-of-the-pacific\/#primaryimage"},"image":{"@id":"https:\/\/staging.dontpanicgames.com\/fr\/shop\/jeux\/plateaux-supplementaires-fighters-of-the-pacific\/#primaryimage"},"thumbnailUrl":"https:\/\/staging.dontpanicgames.com\/wp-content\/uploads\/2023\/02\/images_produit_-add-on-extra-board.jpg","datePublished":"2023-02-21T15:57:51+00:00","dateModified":"2024-03-27T10:56:10+00:00","breadcrumb":{"@id":"https:\/\/staging.dontpanicgames.com\/fr\/shop\/jeux\/plateaux-supplementaires-fighters-of-the-pacific\/#breadcrumb"},"inLanguage":"fr-FR","potentialAction":[{"@type":"ReadAction","target":["https:\/\/staging.dontpanicgames.com\/fr\/shop\/jeux\/plateaux-supplementaires-fighters-of-the-pacific\/"]}]},{"@type":"ImageObject","inLanguage":"fr-FR","@id":"https:\/\/staging.dontpanicgames.com\/fr\/shop\/jeux\/plateaux-supplementaires-fighters-of-the-pacific\/#primaryimage","url":"https:\/\/staging.dontpanicgames.com\/wp-content\/uploads\/2023\/02\/images_produit_-add-on-extra-board.jpg","contentUrl":"https:\/\/staging.dontpanicgames.com\/wp-content\/uploads\/2023\/02\/images_produit_-add-on-extra-board.jpg","width":1250,"height":1250},{"@type":"BreadcrumbList","@id":"https:\/\/staging.dontpanicgames.com\/fr\/shop\/jeux\/plateaux-supplementaires-fighters-of-the-pacific\/#breadcrumb","itemListElement":[{"@type":"ListItem","position":1,"name":"Accueil","item":"https:\/\/staging.dontpanicgames.com\/fr\/"},{"@type":"ListItem","position":2,"name":"Nos jeux","item":"https:\/\/staging.dontpanicgames.com\/fr\/nos-jeux\/"},{"@type":"ListItem","position":3,"name":"Jeux","item":"https:\/\/staging.dontpanicgames.com\/fr\/shop\/c\/jeux\/"},{"@type":"ListItem","position":4,"name":"Plateaux suppl\u00e9mentaires Fighters of the Pacific"}]},{"@type":"WebSite","@id":"https:\/\/staging.dontpanicgames.com\/fr\/#website","url":"https:\/\/staging.dontpanicgames.com\/fr\/","name":"Don&#039;t Panic Games","description":"Don&#039;t Panic Games.com website","potentialAction":[{"@type":"SearchAction","target":{"@type":"EntryPoint","urlTemplate":"https:\/\/staging.dontpanicgames.com\/fr\/?s={search_term_string}"},"query-input":{"@type":"PropertyValueSpecification","valueRequired":true,"valueName":"search_term_string"}}],"inLanguage":"fr-FR"}]}},"_links":{"self":[{"href":"https:\/\/staging.dontpanicgames.com\/fr\/wp-json\/wp\/v2\/product\/31367","targetHints":{"allow":["GET"]}}],"collection":[{"href":"https:\/\/staging.dontpanicgames.com\/fr\/wp-json\/wp\/v2\/product"}],"about":[{"href":"https:\/\/staging.dontpanicgames.com\/fr\/wp-json\/wp\/v2\/types\/product"}],"wp:featuredmedia":[{"embeddable":true,"href":"https:\/\/staging.dontpanicgames.com\/fr\/wp-json\/wp\/v2\/media\/31391"}],"wp:attachment":[{"href":"https:\/\/staging.dontpanicgames.com\/fr\/wp-json\/wp\/v2\/media?parent=31367"}],"wp:term":[{"taxonomy":"product_brand","embeddable":true,"href":"https:\/\/staging.dontpanicgames.com\/fr\/wp-json\/wp\/v2\/product_brand?post=31367"},{"taxonomy":"product_cat","embeddable":true,"href":"https:\/\/staging.dontpanicgames.com\/fr\/wp-json\/wp\/v2\/product_cat?post=31367"},{"taxonomy":"product_tag","embeddable":true,"href":"https:\/\/staging.dontpanicgames.com\/fr\/wp-json\/wp\/v2\/product_tag?post=31367"}],"curies":[{"name":"wp","href":"https:\/\/api.w.org\/{rel}","templated":true}]}}