{"id":30589,"date":"2022-11-04T14:00:14","date_gmt":"2022-11-04T13:00:14","guid":{"rendered":"https:\/\/www.dontpanicgames.com\/?post_type=product&#038;p=30589"},"modified":"2024-11-21T17:51:36","modified_gmt":"2024-11-21T16:51:36","slug":"puzzle-lattaque-des-titans","status":"publish","type":"product","link":"https:\/\/staging.dontpanicgames.com\/fr\/shop\/jeux\/puzzle-lattaque-des-titans\/","title":{"rendered":"Puzzle L&rsquo;Attaque des Titans"},"content":{"rendered":"<span class=\"et_bloom_bottom_trigger\"><\/span>","protected":false},"excerpt":{"rendered":"<div class=\"message-2qnXI6 cozyMessage-3V1Y8y groupStart-23k01U wrapper-2a6GCs cozy-3raOZG zalgo-jN1Ica\" tabindex=\"-1\" role=\"article\" data-list-item-id=\"chat-messages___chat-messages-915636352517799996\" aria-setsize=\"-1\" aria-roledescription=\"Message\" aria-labelledby=\"message-username-915636352517799996 uid_1 message-content-915636352517799996 uid_2 message-timestamp-915636352517799996\" aria-describedby=\"\">\n<div class=\"contents-2mQqc9\">\n<div id=\"message-content-915636352517799996\" class=\"markup-2BOw-j messageContent-2qWWxC\">Reconstituez l&rsquo;\u00e9pique bataille du district de Trost ! Retrouvez la d\u00e9termination d&rsquo;Eren, de Mikasa et d&rsquo;Armin face au Titan colossal envelopp\u00e9 de vapeur br\u00fblante. Admirez pi\u00e8ce apr\u00e8s pi\u00e8ce les d\u00e9tails des \u00e9quipements de Manoeuvre Tridimensionnelle et des habitations du district. Restez tout de m\u00eame vigilants ! Le sort de l&rsquo;humanit\u00e9 est entre vos mains.<\/div>\n<div><\/div>\n<\/div>\n<div><em>Puzzle de 1000 pi\u00e8ces de haute qualit\u00e9.<\/em><\/div>\n<div><em>Dimensions finales : 68&#215;49 cm<\/em><\/div>\n<\/div>\n","protected":false},"featured_media":30575,"template":"","meta":{"_acf_changed":false},"product_brand":[],"product_cat":[897,381],"product_tag":[],"class_list":{"0":"post-30589","1":"product","2":"type-product","3":"status-publish","4":"has-post-thumbnail","6":"product_cat-accessoires","7":"product_cat-jeux","8":"product_shipping_class-standard-fr","10":"first","11":"instock","12":"taxable","13":"shipping-taxable","14":"purchasable","15":"product-type-simple"},"acf":[],"yoast_head":"<!-- This site is optimized with the Yoast SEO plugin v25.2 - https:\/\/yoast.com\/wordpress\/plugins\/seo\/ -->\n<title>Puzzle L&#039;Attaque des Titans - Don&#039;t Panic Games<\/title>\n<meta name=\"robots\" content=\"index, follow, max-snippet:-1, max-image-preview:large, max-video-preview:-1\" \/>\n<link rel=\"canonical\" href=\"https:\/\/staging.dontpanicgames.com\/fr\/shop\/jeux\/puzzle-lattaque-des-titans\/\" \/>\n<meta property=\"og:locale\" content=\"fr_FR\" \/>\n<meta property=\"og:type\" content=\"article\" \/>\n<meta property=\"og:title\" content=\"Puzzle L&#039;Attaque des Titans - Don&#039;t Panic Games\" \/>\n<meta property=\"og:description\" content=\"Reconstituez l&#039;\u00e9pique bataille du district de Trost ! Retrouvez la d\u00e9termination d&#039;Eren, de Mikasa et d&#039;Armin face au Titan colossal envelopp\u00e9 de vapeur br\u00fblante. Admirez pi\u00e8ce apr\u00e8s pi\u00e8ce les d\u00e9tails des \u00e9quipements de Manoeuvre Tridimensionnelle et des habitations du district. Restez tout de m\u00eame vigilants ! Le sort de l&#039;humanit\u00e9 est entre vos mains.   Puzzle de 1000 pi\u00e8ces de haute qualit\u00e9. Dimensions finales : 68x49 cm\" \/>\n<meta property=\"og:url\" content=\"https:\/\/staging.dontpanicgames.com\/fr\/shop\/jeux\/puzzle-lattaque-des-titans\/\" \/>\n<meta property=\"og:site_name\" content=\"Don&#039;t Panic Games\" \/>\n<meta property=\"article:publisher\" content=\"https:\/\/www.facebook.com\/dontpanicgames\/\" \/>\n<meta property=\"article:modified_time\" content=\"2024-11-21T16:51:36+00:00\" \/>\n<meta property=\"og:image\" content=\"https:\/\/staging.dontpanicgames.com\/wp-content\/uploads\/2022\/11\/l42_aot_pk2.jpg\" \/>\n\t<meta property=\"og:image:width\" content=\"1000\" \/>\n\t<meta property=\"og:image:height\" content=\"560\" \/>\n\t<meta property=\"og:image:type\" content=\"image\/jpeg\" \/>\n<meta name=\"twitter:card\" content=\"summary_large_image\" \/>\n<meta name=\"twitter:site\" content=\"@DontPanicGames1\" \/>\n<meta name=\"twitter:label1\" content=\"Dur\u00e9e de lecture estim\u00e9e\" \/>\n\t<meta name=\"twitter:data1\" content=\"1 minute\" \/>\n<script type=\"application\/ld+json\" class=\"yoast-schema-graph\">{\"@context\":\"https:\/\/schema.org\",\"@graph\":[{\"@type\":\"WebPage\",\"@id\":\"https:\/\/staging.dontpanicgames.com\/fr\/shop\/jeux\/puzzle-lattaque-des-titans\/\",\"url\":\"https:\/\/staging.dontpanicgames.com\/fr\/shop\/jeux\/puzzle-lattaque-des-titans\/\",\"name\":\"Puzzle L'Attaque des Titans - Don&#039;t Panic Games\",\"isPartOf\":{\"@id\":\"https:\/\/staging.dontpanicgames.com\/fr\/#website\"},\"primaryImageOfPage\":{\"@id\":\"https:\/\/staging.dontpanicgames.com\/fr\/shop\/jeux\/puzzle-lattaque-des-titans\/#primaryimage\"},\"image\":{\"@id\":\"https:\/\/staging.dontpanicgames.com\/fr\/shop\/jeux\/puzzle-lattaque-des-titans\/#primaryimage\"},\"thumbnailUrl\":\"https:\/\/staging.dontpanicgames.com\/wp-content\/uploads\/2022\/11\/aot_packshot.jpg\",\"datePublished\":\"2022-11-04T13:00:14+00:00\",\"dateModified\":\"2024-11-21T16:51:36+00:00\",\"breadcrumb\":{\"@id\":\"https:\/\/staging.dontpanicgames.com\/fr\/shop\/jeux\/puzzle-lattaque-des-titans\/#breadcrumb\"},\"inLanguage\":\"fr-FR\",\"potentialAction\":[{\"@type\":\"ReadAction\",\"target\":[\"https:\/\/staging.dontpanicgames.com\/fr\/shop\/jeux\/puzzle-lattaque-des-titans\/\"]}]},{\"@type\":\"ImageObject\",\"inLanguage\":\"fr-FR\",\"@id\":\"https:\/\/staging.dontpanicgames.com\/fr\/shop\/jeux\/puzzle-lattaque-des-titans\/#primaryimage\",\"url\":\"https:\/\/staging.dontpanicgames.com\/wp-content\/uploads\/2022\/11\/aot_packshot.jpg\",\"contentUrl\":\"https:\/\/staging.dontpanicgames.com\/wp-content\/uploads\/2022\/11\/aot_packshot.jpg\",\"width\":1930,\"height\":1930},{\"@type\":\"BreadcrumbList\",\"@id\":\"https:\/\/staging.dontpanicgames.com\/fr\/shop\/jeux\/puzzle-lattaque-des-titans\/#breadcrumb\",\"itemListElement\":[{\"@type\":\"ListItem\",\"position\":1,\"name\":\"Accueil\",\"item\":\"https:\/\/staging.dontpanicgames.com\/fr\/\"},{\"@type\":\"ListItem\",\"position\":2,\"name\":\"Nos jeux\",\"item\":\"https:\/\/staging.dontpanicgames.com\/fr\/nos-jeux\/\"},{\"@type\":\"ListItem\",\"position\":3,\"name\":\"Jeux\",\"item\":\"https:\/\/staging.dontpanicgames.com\/fr\/shop\/c\/jeux\/\"},{\"@type\":\"ListItem\",\"position\":4,\"name\":\"Puzzle L&rsquo;Attaque des Titans\"}]},{\"@type\":\"WebSite\",\"@id\":\"https:\/\/staging.dontpanicgames.com\/fr\/#website\",\"url\":\"https:\/\/staging.dontpanicgames.com\/fr\/\",\"name\":\"Don&#039;t Panic Games\",\"description\":\"Don&#039;t Panic Games.com website\",\"potentialAction\":[{\"@type\":\"SearchAction\",\"target\":{\"@type\":\"EntryPoint\",\"urlTemplate\":\"https:\/\/staging.dontpanicgames.com\/fr\/?s={search_term_string}\"},\"query-input\":{\"@type\":\"PropertyValueSpecification\",\"valueRequired\":true,\"valueName\":\"search_term_string\"}}],\"inLanguage\":\"fr-FR\"}]}<\/script>\n<!-- \/ Yoast SEO plugin. -->","yoast_head_json":{"title":"Puzzle L'Attaque des Titans - Don&#039;t Panic Games","robots":{"index":"index","follow":"follow","max-snippet":"max-snippet:-1","max-image-preview":"max-image-preview:large","max-video-preview":"max-video-preview:-1"},"canonical":"https:\/\/staging.dontpanicgames.com\/fr\/shop\/jeux\/puzzle-lattaque-des-titans\/","og_locale":"fr_FR","og_type":"article","og_title":"Puzzle L'Attaque des Titans - Don&#039;t Panic Games","og_description":"Reconstituez l'\u00e9pique bataille du district de Trost ! Retrouvez la d\u00e9termination d'Eren, de Mikasa et d'Armin face au Titan colossal envelopp\u00e9 de vapeur br\u00fblante. Admirez pi\u00e8ce apr\u00e8s pi\u00e8ce les d\u00e9tails des \u00e9quipements de Manoeuvre Tridimensionnelle et des habitations du district. Restez tout de m\u00eame vigilants ! Le sort de l'humanit\u00e9 est entre vos mains.   Puzzle de 1000 pi\u00e8ces de haute qualit\u00e9. Dimensions finales : 68x49 cm","og_url":"https:\/\/staging.dontpanicgames.com\/fr\/shop\/jeux\/puzzle-lattaque-des-titans\/","og_site_name":"Don&#039;t Panic Games","article_publisher":"https:\/\/www.facebook.com\/dontpanicgames\/","article_modified_time":"2024-11-21T16:51:36+00:00","og_image":[{"width":1000,"height":560,"url":"https:\/\/staging.dontpanicgames.com\/wp-content\/uploads\/2022\/11\/l42_aot_pk2.jpg","type":"image\/jpeg"}],"twitter_card":"summary_large_image","twitter_site":"@DontPanicGames1","twitter_misc":{"Dur\u00e9e de lecture estim\u00e9e":"1 minute"},"schema":{"@context":"https:\/\/schema.org","@graph":[{"@type":"WebPage","@id":"https:\/\/staging.dontpanicgames.com\/fr\/shop\/jeux\/puzzle-lattaque-des-titans\/","url":"https:\/\/staging.dontpanicgames.com\/fr\/shop\/jeux\/puzzle-lattaque-des-titans\/","name":"Puzzle L'Attaque des Titans - Don&#039;t Panic Games","isPartOf":{"@id":"https:\/\/staging.dontpanicgames.com\/fr\/#website"},"primaryImageOfPage":{"@id":"https:\/\/staging.dontpanicgames.com\/fr\/shop\/jeux\/puzzle-lattaque-des-titans\/#primaryimage"},"image":{"@id":"https:\/\/staging.dontpanicgames.com\/fr\/shop\/jeux\/puzzle-lattaque-des-titans\/#primaryimage"},"thumbnailUrl":"https:\/\/staging.dontpanicgames.com\/wp-content\/uploads\/2022\/11\/aot_packshot.jpg","datePublished":"2022-11-04T13:00:14+00:00","dateModified":"2024-11-21T16:51:36+00:00","breadcrumb":{"@id":"https:\/\/staging.dontpanicgames.com\/fr\/shop\/jeux\/puzzle-lattaque-des-titans\/#breadcrumb"},"inLanguage":"fr-FR","potentialAction":[{"@type":"ReadAction","target":["https:\/\/staging.dontpanicgames.com\/fr\/shop\/jeux\/puzzle-lattaque-des-titans\/"]}]},{"@type":"ImageObject","inLanguage":"fr-FR","@id":"https:\/\/staging.dontpanicgames.com\/fr\/shop\/jeux\/puzzle-lattaque-des-titans\/#primaryimage","url":"https:\/\/staging.dontpanicgames.com\/wp-content\/uploads\/2022\/11\/aot_packshot.jpg","contentUrl":"https:\/\/staging.dontpanicgames.com\/wp-content\/uploads\/2022\/11\/aot_packshot.jpg","width":1930,"height":1930},{"@type":"BreadcrumbList","@id":"https:\/\/staging.dontpanicgames.com\/fr\/shop\/jeux\/puzzle-lattaque-des-titans\/#breadcrumb","itemListElement":[{"@type":"ListItem","position":1,"name":"Accueil","item":"https:\/\/staging.dontpanicgames.com\/fr\/"},{"@type":"ListItem","position":2,"name":"Nos jeux","item":"https:\/\/staging.dontpanicgames.com\/fr\/nos-jeux\/"},{"@type":"ListItem","position":3,"name":"Jeux","item":"https:\/\/staging.dontpanicgames.com\/fr\/shop\/c\/jeux\/"},{"@type":"ListItem","position":4,"name":"Puzzle L&rsquo;Attaque des Titans"}]},{"@type":"WebSite","@id":"https:\/\/staging.dontpanicgames.com\/fr\/#website","url":"https:\/\/staging.dontpanicgames.com\/fr\/","name":"Don&#039;t Panic Games","description":"Don&#039;t Panic Games.com website","potentialAction":[{"@type":"SearchAction","target":{"@type":"EntryPoint","urlTemplate":"https:\/\/staging.dontpanicgames.com\/fr\/?s={search_term_string}"},"query-input":{"@type":"PropertyValueSpecification","valueRequired":true,"valueName":"search_term_string"}}],"inLanguage":"fr-FR"}]}},"_links":{"self":[{"href":"https:\/\/staging.dontpanicgames.com\/fr\/wp-json\/wp\/v2\/product\/30589","targetHints":{"allow":["GET"]}}],"collection":[{"href":"https:\/\/staging.dontpanicgames.com\/fr\/wp-json\/wp\/v2\/product"}],"about":[{"href":"https:\/\/staging.dontpanicgames.com\/fr\/wp-json\/wp\/v2\/types\/product"}],"wp:featuredmedia":[{"embeddable":true,"href":"https:\/\/staging.dontpanicgames.com\/fr\/wp-json\/wp\/v2\/media\/30575"}],"wp:attachment":[{"href":"https:\/\/staging.dontpanicgames.com\/fr\/wp-json\/wp\/v2\/media?parent=30589"}],"wp:term":[{"taxonomy":"product_brand","embeddable":true,"href":"https:\/\/staging.dontpanicgames.com\/fr\/wp-json\/wp\/v2\/product_brand?post=30589"},{"taxonomy":"product_cat","embeddable":true,"href":"https:\/\/staging.dontpanicgames.com\/fr\/wp-json\/wp\/v2\/product_cat?post=30589"},{"taxonomy":"product_tag","embeddable":true,"href":"https:\/\/staging.dontpanicgames.com\/fr\/wp-json\/wp\/v2\/product_tag?post=30589"}],"curies":[{"name":"wp","href":"https:\/\/api.w.org\/{rel}","templated":true}]}}