{"id":29595,"date":"2022-06-30T15:00:02","date_gmt":"2022-06-30T14:00:02","guid":{"rendered":"https:\/\/www.dontpanicgames.com\/?post_type=product&#038;p=29595"},"modified":"2025-03-14T10:27:51","modified_gmt":"2025-03-14T09:27:51","slug":"carte-promotionnelle-phenix","status":"publish","type":"product","link":"https:\/\/staging.dontpanicgames.com\/fr\/shop\/jeux\/carte-promotionnelle-phenix\/","title":{"rendered":"Carte promotionnelle Ph\u00e9nix"},"content":{"rendered":"<span class=\"et_bloom_bottom_trigger\"><\/span>","protected":false},"excerpt":{"rendered":"<div class=\"message-2qnXI6 cozyMessage-3V1Y8y groupStart-23k01U wrapper-2a6GCs cozy-3raOZG zalgo-jN1Ica\" tabindex=\"-1\" role=\"article\" data-list-item-id=\"chat-messages___chat-messages-915636352517799996\" aria-setsize=\"-1\" aria-roledescription=\"Message\" aria-labelledby=\"message-username-915636352517799996 uid_1 message-content-915636352517799996 uid_2 message-timestamp-915636352517799996\" aria-describedby=\"\">\n<div class=\"contents-2mQqc9\">\n<div id=\"message-content-915636352517799996\" class=\"markup-2BOw-j messageContent-2qWWxC\">Cette carte promotionnelle vous est offerte avec l\u2019achat du jeu <a href=\"https:\/\/www.dontpanicgames.com\/fr\/shop\/jeux\/fantasy-realms-le-tresor-maudit\/\"><em>F<\/em><i>antasy Realms &#8211; Le Tr\u00e9sor Maudit<\/i><\/a>\u00a0sur notre site, dans la limite des stocks disponibles !<\/div>\n<div><\/div>\n<div class=\"markup-2BOw-j messageContent-2qWWxC\">Nous vous la proposons \u00e9galement \u00e0 la vente sur cette page, au cas ou vous n&rsquo;auriez pas pu vous la procurer, ou souhaiteriez enrichir votre jeu avec cette carte additionnelle.<\/div>\n<div><\/div>\n<\/div>\n<\/div>\n<div><a href=\"https:\/\/www.dontpanicgames.com\/fr\/shop\/jeux\/fantasy-realms-le-tresor-maudit\/\">D\u00e9couvrir l&rsquo;extension Fantasy Realms &#8211; Le Tr\u00e9sor Maudit<\/a><\/div>\n<div><a href=\"https:\/\/www.dontpanicgames.com\/fr\/shop\/jeux\/fantasy-realms\/\">D\u00e9couvrir le jeu de base Fantasy Realms<\/a><\/div>\n<div class=\"message-2qnXI6 cozyMessage-3V1Y8y groupStart-23k01U wrapper-2a6GCs cozy-3raOZG zalgo-jN1Ica\" tabindex=\"-1\" role=\"article\" data-list-item-id=\"chat-messages___chat-messages-915636352517799996\" aria-setsize=\"-1\" aria-roledescription=\"Message\" aria-labelledby=\"message-username-915636352517799996 uid_1 message-content-915636352517799996 uid_2 message-timestamp-915636352517799996\" aria-describedby=\"\">\n<div class=\"buttonContainer-DHceWr\">\n<div class=\"buttons-cl5qTG container-3npvBV isHeader-2dII4U\" aria-label=\"Message actions\"><\/div>\n<\/div>\n<\/div>\n<div class=\"contents-2mQqc9\" role=\"document\"><\/div>\n","protected":false},"featured_media":29596,"template":"","meta":{"_acf_changed":false},"product_brand":[],"product_cat":[381],"product_tag":[],"class_list":{"0":"post-29595","1":"product","2":"type-product","3":"status-publish","4":"has-post-thumbnail","6":"product_cat-jeux","7":"product_shipping_class-envoi-a-2e","9":"first","10":"instock","11":"taxable","12":"shipping-taxable","13":"purchasable","14":"product-type-simple"},"acf":[],"yoast_head":"<!-- This site is optimized with the Yoast SEO plugin v25.2 - https:\/\/yoast.com\/wordpress\/plugins\/seo\/ -->\n<title>Carte promotionnelle Ph\u00e9nix - Don&#039;t Panic Games<\/title>\n<meta name=\"robots\" content=\"index, follow, max-snippet:-1, max-image-preview:large, max-video-preview:-1\" \/>\n<link rel=\"canonical\" href=\"https:\/\/staging.dontpanicgames.com\/fr\/shop\/jeux\/carte-promotionnelle-phenix\/\" \/>\n<meta property=\"og:locale\" content=\"fr_FR\" \/>\n<meta property=\"og:type\" content=\"article\" \/>\n<meta property=\"og:title\" content=\"Carte promotionnelle Ph\u00e9nix - Don&#039;t Panic Games\" \/>\n<meta property=\"og:description\" content=\"Cette carte promotionnelle vous est offerte avec l\u2019achat du jeu Fantasy Realms - Le Tr\u00e9sor Maudit\u00a0sur notre site, dans la limite des stocks disponibles !  Nous vous la proposons \u00e9galement \u00e0 la vente sur cette page, au cas ou vous n&#039;auriez pas pu vous la procurer, ou souhaiteriez enrichir votre jeu avec cette carte additionnelle.    D\u00e9couvrir l&#039;extension Fantasy Realms - Le Tr\u00e9sor Maudit D\u00e9couvrir le jeu de base Fantasy Realms\" \/>\n<meta property=\"og:url\" content=\"https:\/\/staging.dontpanicgames.com\/fr\/shop\/jeux\/carte-promotionnelle-phenix\/\" \/>\n<meta property=\"og:site_name\" content=\"Don&#039;t Panic Games\" \/>\n<meta property=\"article:publisher\" content=\"https:\/\/www.facebook.com\/dontpanicgames\/\" \/>\n<meta property=\"article:modified_time\" content=\"2025-03-14T09:27:51+00:00\" \/>\n<meta property=\"og:image\" content=\"https:\/\/staging.dontpanicgames.com\/wp-content\/uploads\/2022\/06\/phenix_shop.jpg\" \/>\n\t<meta property=\"og:image:width\" content=\"1500\" \/>\n\t<meta property=\"og:image:height\" content=\"1500\" \/>\n\t<meta property=\"og:image:type\" content=\"image\/jpeg\" \/>\n<meta name=\"twitter:card\" content=\"summary_large_image\" \/>\n<meta name=\"twitter:site\" content=\"@DontPanicGames1\" \/>\n<meta name=\"twitter:label1\" content=\"Dur\u00e9e de lecture estim\u00e9e\" \/>\n\t<meta name=\"twitter:data1\" content=\"1 minute\" \/>\n<script type=\"application\/ld+json\" class=\"yoast-schema-graph\">{\"@context\":\"https:\/\/schema.org\",\"@graph\":[{\"@type\":\"WebPage\",\"@id\":\"https:\/\/staging.dontpanicgames.com\/fr\/shop\/jeux\/carte-promotionnelle-phenix\/\",\"url\":\"https:\/\/staging.dontpanicgames.com\/fr\/shop\/jeux\/carte-promotionnelle-phenix\/\",\"name\":\"Carte promotionnelle Ph\u00e9nix - Don&#039;t Panic Games\",\"isPartOf\":{\"@id\":\"https:\/\/staging.dontpanicgames.com\/fr\/#website\"},\"primaryImageOfPage\":{\"@id\":\"https:\/\/staging.dontpanicgames.com\/fr\/shop\/jeux\/carte-promotionnelle-phenix\/#primaryimage\"},\"image\":{\"@id\":\"https:\/\/staging.dontpanicgames.com\/fr\/shop\/jeux\/carte-promotionnelle-phenix\/#primaryimage\"},\"thumbnailUrl\":\"https:\/\/staging.dontpanicgames.com\/wp-content\/uploads\/2022\/06\/phenix_shop.jpg\",\"datePublished\":\"2022-06-30T14:00:02+00:00\",\"dateModified\":\"2025-03-14T09:27:51+00:00\",\"breadcrumb\":{\"@id\":\"https:\/\/staging.dontpanicgames.com\/fr\/shop\/jeux\/carte-promotionnelle-phenix\/#breadcrumb\"},\"inLanguage\":\"fr-FR\",\"potentialAction\":[{\"@type\":\"ReadAction\",\"target\":[\"https:\/\/staging.dontpanicgames.com\/fr\/shop\/jeux\/carte-promotionnelle-phenix\/\"]}]},{\"@type\":\"ImageObject\",\"inLanguage\":\"fr-FR\",\"@id\":\"https:\/\/staging.dontpanicgames.com\/fr\/shop\/jeux\/carte-promotionnelle-phenix\/#primaryimage\",\"url\":\"https:\/\/staging.dontpanicgames.com\/wp-content\/uploads\/2022\/06\/phenix_shop.jpg\",\"contentUrl\":\"https:\/\/staging.dontpanicgames.com\/wp-content\/uploads\/2022\/06\/phenix_shop.jpg\",\"width\":1500,\"height\":1500},{\"@type\":\"BreadcrumbList\",\"@id\":\"https:\/\/staging.dontpanicgames.com\/fr\/shop\/jeux\/carte-promotionnelle-phenix\/#breadcrumb\",\"itemListElement\":[{\"@type\":\"ListItem\",\"position\":1,\"name\":\"Accueil\",\"item\":\"https:\/\/staging.dontpanicgames.com\/fr\/\"},{\"@type\":\"ListItem\",\"position\":2,\"name\":\"Nos jeux\",\"item\":\"https:\/\/staging.dontpanicgames.com\/fr\/nos-jeux\/\"},{\"@type\":\"ListItem\",\"position\":3,\"name\":\"Jeux\",\"item\":\"https:\/\/staging.dontpanicgames.com\/fr\/shop\/c\/jeux\/\"},{\"@type\":\"ListItem\",\"position\":4,\"name\":\"Carte promotionnelle Ph\u00e9nix\"}]},{\"@type\":\"WebSite\",\"@id\":\"https:\/\/staging.dontpanicgames.com\/fr\/#website\",\"url\":\"https:\/\/staging.dontpanicgames.com\/fr\/\",\"name\":\"Don&#039;t Panic Games\",\"description\":\"Don&#039;t Panic Games.com website\",\"potentialAction\":[{\"@type\":\"SearchAction\",\"target\":{\"@type\":\"EntryPoint\",\"urlTemplate\":\"https:\/\/staging.dontpanicgames.com\/fr\/?s={search_term_string}\"},\"query-input\":{\"@type\":\"PropertyValueSpecification\",\"valueRequired\":true,\"valueName\":\"search_term_string\"}}],\"inLanguage\":\"fr-FR\"}]}<\/script>\n<!-- \/ Yoast SEO plugin. -->","yoast_head_json":{"title":"Carte promotionnelle Ph\u00e9nix - Don&#039;t Panic Games","robots":{"index":"index","follow":"follow","max-snippet":"max-snippet:-1","max-image-preview":"max-image-preview:large","max-video-preview":"max-video-preview:-1"},"canonical":"https:\/\/staging.dontpanicgames.com\/fr\/shop\/jeux\/carte-promotionnelle-phenix\/","og_locale":"fr_FR","og_type":"article","og_title":"Carte promotionnelle Ph\u00e9nix - Don&#039;t Panic Games","og_description":"Cette carte promotionnelle vous est offerte avec l\u2019achat du jeu Fantasy Realms - Le Tr\u00e9sor Maudit\u00a0sur notre site, dans la limite des stocks disponibles !  Nous vous la proposons \u00e9galement \u00e0 la vente sur cette page, au cas ou vous n'auriez pas pu vous la procurer, ou souhaiteriez enrichir votre jeu avec cette carte additionnelle.    D\u00e9couvrir l'extension Fantasy Realms - Le Tr\u00e9sor Maudit D\u00e9couvrir le jeu de base Fantasy Realms","og_url":"https:\/\/staging.dontpanicgames.com\/fr\/shop\/jeux\/carte-promotionnelle-phenix\/","og_site_name":"Don&#039;t Panic Games","article_publisher":"https:\/\/www.facebook.com\/dontpanicgames\/","article_modified_time":"2025-03-14T09:27:51+00:00","og_image":[{"width":1500,"height":1500,"url":"https:\/\/staging.dontpanicgames.com\/wp-content\/uploads\/2022\/06\/phenix_shop.jpg","type":"image\/jpeg"}],"twitter_card":"summary_large_image","twitter_site":"@DontPanicGames1","twitter_misc":{"Dur\u00e9e de lecture estim\u00e9e":"1 minute"},"schema":{"@context":"https:\/\/schema.org","@graph":[{"@type":"WebPage","@id":"https:\/\/staging.dontpanicgames.com\/fr\/shop\/jeux\/carte-promotionnelle-phenix\/","url":"https:\/\/staging.dontpanicgames.com\/fr\/shop\/jeux\/carte-promotionnelle-phenix\/","name":"Carte promotionnelle Ph\u00e9nix - Don&#039;t Panic Games","isPartOf":{"@id":"https:\/\/staging.dontpanicgames.com\/fr\/#website"},"primaryImageOfPage":{"@id":"https:\/\/staging.dontpanicgames.com\/fr\/shop\/jeux\/carte-promotionnelle-phenix\/#primaryimage"},"image":{"@id":"https:\/\/staging.dontpanicgames.com\/fr\/shop\/jeux\/carte-promotionnelle-phenix\/#primaryimage"},"thumbnailUrl":"https:\/\/staging.dontpanicgames.com\/wp-content\/uploads\/2022\/06\/phenix_shop.jpg","datePublished":"2022-06-30T14:00:02+00:00","dateModified":"2025-03-14T09:27:51+00:00","breadcrumb":{"@id":"https:\/\/staging.dontpanicgames.com\/fr\/shop\/jeux\/carte-promotionnelle-phenix\/#breadcrumb"},"inLanguage":"fr-FR","potentialAction":[{"@type":"ReadAction","target":["https:\/\/staging.dontpanicgames.com\/fr\/shop\/jeux\/carte-promotionnelle-phenix\/"]}]},{"@type":"ImageObject","inLanguage":"fr-FR","@id":"https:\/\/staging.dontpanicgames.com\/fr\/shop\/jeux\/carte-promotionnelle-phenix\/#primaryimage","url":"https:\/\/staging.dontpanicgames.com\/wp-content\/uploads\/2022\/06\/phenix_shop.jpg","contentUrl":"https:\/\/staging.dontpanicgames.com\/wp-content\/uploads\/2022\/06\/phenix_shop.jpg","width":1500,"height":1500},{"@type":"BreadcrumbList","@id":"https:\/\/staging.dontpanicgames.com\/fr\/shop\/jeux\/carte-promotionnelle-phenix\/#breadcrumb","itemListElement":[{"@type":"ListItem","position":1,"name":"Accueil","item":"https:\/\/staging.dontpanicgames.com\/fr\/"},{"@type":"ListItem","position":2,"name":"Nos jeux","item":"https:\/\/staging.dontpanicgames.com\/fr\/nos-jeux\/"},{"@type":"ListItem","position":3,"name":"Jeux","item":"https:\/\/staging.dontpanicgames.com\/fr\/shop\/c\/jeux\/"},{"@type":"ListItem","position":4,"name":"Carte promotionnelle Ph\u00e9nix"}]},{"@type":"WebSite","@id":"https:\/\/staging.dontpanicgames.com\/fr\/#website","url":"https:\/\/staging.dontpanicgames.com\/fr\/","name":"Don&#039;t Panic Games","description":"Don&#039;t Panic Games.com website","potentialAction":[{"@type":"SearchAction","target":{"@type":"EntryPoint","urlTemplate":"https:\/\/staging.dontpanicgames.com\/fr\/?s={search_term_string}"},"query-input":{"@type":"PropertyValueSpecification","valueRequired":true,"valueName":"search_term_string"}}],"inLanguage":"fr-FR"}]}},"_links":{"self":[{"href":"https:\/\/staging.dontpanicgames.com\/fr\/wp-json\/wp\/v2\/product\/29595","targetHints":{"allow":["GET"]}}],"collection":[{"href":"https:\/\/staging.dontpanicgames.com\/fr\/wp-json\/wp\/v2\/product"}],"about":[{"href":"https:\/\/staging.dontpanicgames.com\/fr\/wp-json\/wp\/v2\/types\/product"}],"wp:featuredmedia":[{"embeddable":true,"href":"https:\/\/staging.dontpanicgames.com\/fr\/wp-json\/wp\/v2\/media\/29596"}],"wp:attachment":[{"href":"https:\/\/staging.dontpanicgames.com\/fr\/wp-json\/wp\/v2\/media?parent=29595"}],"wp:term":[{"taxonomy":"product_brand","embeddable":true,"href":"https:\/\/staging.dontpanicgames.com\/fr\/wp-json\/wp\/v2\/product_brand?post=29595"},{"taxonomy":"product_cat","embeddable":true,"href":"https:\/\/staging.dontpanicgames.com\/fr\/wp-json\/wp\/v2\/product_cat?post=29595"},{"taxonomy":"product_tag","embeddable":true,"href":"https:\/\/staging.dontpanicgames.com\/fr\/wp-json\/wp\/v2\/product_tag?post=29595"}],"curies":[{"name":"wp","href":"https:\/\/api.w.org\/{rel}","templated":true}]}}