{"id":19846,"date":"2019-11-13T10:49:47","date_gmt":"2019-11-13T09:49:47","guid":{"rendered":"https:\/\/www.dontpanicgames.com\/?post_type=product&#038;p=19846"},"modified":"2023-11-08T11:29:09","modified_gmt":"2023-11-08T10:29:09","slug":"quiz-cinema-rockyrama","status":"publish","type":"product","link":"https:\/\/staging.dontpanicgames.com\/fr\/shop\/quiz\/quiz-cinema-rockyrama\/","title":{"rendered":"Quiz Cin\u00e9ma Rockyrama"},"content":{"rendered":"<span class=\"et_bloom_bottom_trigger\"><\/span>","protected":false},"excerpt":{"rendered":"<p><strong>\u00ab 500 questions de cin\u00e9ma popcorn \u00bb<\/strong><\/p>\n<p>Rockyrama vous met \u00e0 l\u2019\u00e9preuve \u00e0 travers 500 questions sur les moments cultes du grand \u00e9cran, de <em>Retour vers le futur<\/em> \u00e0 <em>Ghostbusters<\/em>, en passant par <em>Star Wars<\/em>, <em>Jumanji<\/em> ou encore <em>Indiana Jones<\/em> !<\/p>\n<p>Cette bo\u00eete contient 125 cartes class\u00e9es par genre, accompagn\u00e9es d\u2019un livret de r\u00e8gles et d\u2019anecdotes. Le jeu id\u00e9al pour (re)d\u00e9couvrir, en famille ou entre amis, le meilleur du cin\u00e9ma pop et les grands classiques de la galaxie Rockyrama. Sortez les popcorns !<\/p>\n<p><strong>Auteurs<\/strong> : Collectif Rockyrama<\/p>\n","protected":false},"featured_media":24318,"template":"","meta":{"_acf_changed":false},"product_brand":[],"product_cat":[664],"product_tag":[834],"class_list":{"0":"post-19846","1":"product","2":"type-product","3":"status-publish","4":"has-post-thumbnail","6":"product_cat-quiz","7":"product_tag-culture-generale","9":"first","10":"outofstock","11":"taxable","12":"shipping-taxable","13":"purchasable","14":"product-type-simple"},"acf":[],"yoast_head":"<!-- This site is optimized with the Yoast SEO plugin v25.2 - https:\/\/yoast.com\/wordpress\/plugins\/seo\/ -->\n<title>Quiz Cin\u00e9ma Rockyrama - Don&#039;t Panic Games<\/title>\n<meta name=\"description\" content=\"Rockyrama vous met \u00e0 l\u2019\u00e9preuve \u00e0 travers 500 questions sur les moments cultes du grand \u00e9cran, de Retour vers le futur \u00e0 Ghostbusters, en passant par Star Wars, Jumanji ou encore Indiana Jones !\" \/>\n<meta name=\"robots\" content=\"index, follow, max-snippet:-1, max-image-preview:large, max-video-preview:-1\" \/>\n<link rel=\"canonical\" href=\"https:\/\/staging.dontpanicgames.com\/fr\/shop\/quiz\/quiz-cinema-rockyrama\/\" \/>\n<meta property=\"og:locale\" content=\"fr_FR\" \/>\n<meta property=\"og:type\" content=\"article\" \/>\n<meta property=\"og:title\" content=\"Quiz Cin\u00e9ma Rockyrama - Don&#039;t Panic Games\" \/>\n<meta property=\"og:description\" content=\"Rockyrama vous met \u00e0 l\u2019\u00e9preuve \u00e0 travers 500 questions sur les moments cultes du grand \u00e9cran, de Retour vers le futur \u00e0 Ghostbusters, en passant par Star Wars, Jumanji ou encore Indiana Jones !\" \/>\n<meta property=\"og:url\" content=\"https:\/\/staging.dontpanicgames.com\/fr\/shop\/quiz\/quiz-cinema-rockyrama\/\" \/>\n<meta property=\"og:site_name\" content=\"Don&#039;t Panic Games\" \/>\n<meta property=\"article:publisher\" content=\"https:\/\/www.facebook.com\/dontpanicgames\/\" \/>\n<meta property=\"article:modified_time\" content=\"2023-11-08T10:29:09+00:00\" \/>\n<meta property=\"og:image\" content=\"https:\/\/staging.dontpanicgames.com\/wp-content\/uploads\/2019\/11\/quiz-rockyrama-packshot.jpg\" \/>\n\t<meta property=\"og:image:width\" content=\"893\" \/>\n\t<meta property=\"og:image:height\" content=\"378\" \/>\n\t<meta property=\"og:image:type\" content=\"image\/jpeg\" \/>\n<meta name=\"twitter:card\" content=\"summary_large_image\" \/>\n<meta name=\"twitter:site\" content=\"@DontPanicGames1\" \/>\n<script type=\"application\/ld+json\" class=\"yoast-schema-graph\">{\"@context\":\"https:\/\/schema.org\",\"@graph\":[{\"@type\":\"WebPage\",\"@id\":\"https:\/\/staging.dontpanicgames.com\/fr\/shop\/quiz\/quiz-cinema-rockyrama\/\",\"url\":\"https:\/\/staging.dontpanicgames.com\/fr\/shop\/quiz\/quiz-cinema-rockyrama\/\",\"name\":\"Quiz Cin\u00e9ma Rockyrama - Don&#039;t Panic Games\",\"isPartOf\":{\"@id\":\"https:\/\/staging.dontpanicgames.com\/fr\/#website\"},\"primaryImageOfPage\":{\"@id\":\"https:\/\/staging.dontpanicgames.com\/fr\/shop\/quiz\/quiz-cinema-rockyrama\/#primaryimage\"},\"image\":{\"@id\":\"https:\/\/staging.dontpanicgames.com\/fr\/shop\/quiz\/quiz-cinema-rockyrama\/#primaryimage\"},\"thumbnailUrl\":\"https:\/\/staging.dontpanicgames.com\/wp-content\/uploads\/2021\/01\/quiz-rockyrama-3d-2.jpg\",\"datePublished\":\"2019-11-13T09:49:47+00:00\",\"dateModified\":\"2023-11-08T10:29:09+00:00\",\"description\":\"Rockyrama vous met \u00e0 l\u2019\u00e9preuve \u00e0 travers 500 questions sur les moments cultes du grand \u00e9cran, de Retour vers le futur \u00e0 Ghostbusters, en passant par Star Wars, Jumanji ou encore Indiana Jones !\",\"breadcrumb\":{\"@id\":\"https:\/\/staging.dontpanicgames.com\/fr\/shop\/quiz\/quiz-cinema-rockyrama\/#breadcrumb\"},\"inLanguage\":\"fr-FR\",\"potentialAction\":[{\"@type\":\"ReadAction\",\"target\":[\"https:\/\/staging.dontpanicgames.com\/fr\/shop\/quiz\/quiz-cinema-rockyrama\/\"]}]},{\"@type\":\"ImageObject\",\"inLanguage\":\"fr-FR\",\"@id\":\"https:\/\/staging.dontpanicgames.com\/fr\/shop\/quiz\/quiz-cinema-rockyrama\/#primaryimage\",\"url\":\"https:\/\/staging.dontpanicgames.com\/wp-content\/uploads\/2021\/01\/quiz-rockyrama-3d-2.jpg\",\"contentUrl\":\"https:\/\/staging.dontpanicgames.com\/wp-content\/uploads\/2021\/01\/quiz-rockyrama-3d-2.jpg\",\"width\":800,\"height\":800},{\"@type\":\"BreadcrumbList\",\"@id\":\"https:\/\/staging.dontpanicgames.com\/fr\/shop\/quiz\/quiz-cinema-rockyrama\/#breadcrumb\",\"itemListElement\":[{\"@type\":\"ListItem\",\"position\":1,\"name\":\"Accueil\",\"item\":\"https:\/\/staging.dontpanicgames.com\/fr\/\"},{\"@type\":\"ListItem\",\"position\":2,\"name\":\"Nos jeux\",\"item\":\"https:\/\/staging.dontpanicgames.com\/fr\/nos-jeux\/\"},{\"@type\":\"ListItem\",\"position\":3,\"name\":\"Quiz\",\"item\":\"https:\/\/staging.dontpanicgames.com\/fr\/shop\/c\/quiz\/\"},{\"@type\":\"ListItem\",\"position\":4,\"name\":\"Quiz Cin\u00e9ma Rockyrama\"}]},{\"@type\":\"WebSite\",\"@id\":\"https:\/\/staging.dontpanicgames.com\/fr\/#website\",\"url\":\"https:\/\/staging.dontpanicgames.com\/fr\/\",\"name\":\"Don&#039;t Panic Games\",\"description\":\"Don&#039;t Panic Games.com website\",\"potentialAction\":[{\"@type\":\"SearchAction\",\"target\":{\"@type\":\"EntryPoint\",\"urlTemplate\":\"https:\/\/staging.dontpanicgames.com\/fr\/?s={search_term_string}\"},\"query-input\":{\"@type\":\"PropertyValueSpecification\",\"valueRequired\":true,\"valueName\":\"search_term_string\"}}],\"inLanguage\":\"fr-FR\"}]}<\/script>\n<!-- \/ Yoast SEO plugin. -->","yoast_head_json":{"title":"Quiz Cin\u00e9ma Rockyrama - Don&#039;t Panic Games","description":"Rockyrama vous met \u00e0 l\u2019\u00e9preuve \u00e0 travers 500 questions sur les moments cultes du grand \u00e9cran, de Retour vers le futur \u00e0 Ghostbusters, en passant par Star Wars, Jumanji ou encore Indiana Jones !","robots":{"index":"index","follow":"follow","max-snippet":"max-snippet:-1","max-image-preview":"max-image-preview:large","max-video-preview":"max-video-preview:-1"},"canonical":"https:\/\/staging.dontpanicgames.com\/fr\/shop\/quiz\/quiz-cinema-rockyrama\/","og_locale":"fr_FR","og_type":"article","og_title":"Quiz Cin\u00e9ma Rockyrama - Don&#039;t Panic Games","og_description":"Rockyrama vous met \u00e0 l\u2019\u00e9preuve \u00e0 travers 500 questions sur les moments cultes du grand \u00e9cran, de Retour vers le futur \u00e0 Ghostbusters, en passant par Star Wars, Jumanji ou encore Indiana Jones !","og_url":"https:\/\/staging.dontpanicgames.com\/fr\/shop\/quiz\/quiz-cinema-rockyrama\/","og_site_name":"Don&#039;t Panic Games","article_publisher":"https:\/\/www.facebook.com\/dontpanicgames\/","article_modified_time":"2023-11-08T10:29:09+00:00","og_image":[{"width":893,"height":378,"url":"https:\/\/staging.dontpanicgames.com\/wp-content\/uploads\/2019\/11\/quiz-rockyrama-packshot.jpg","type":"image\/jpeg"}],"twitter_card":"summary_large_image","twitter_site":"@DontPanicGames1","schema":{"@context":"https:\/\/schema.org","@graph":[{"@type":"WebPage","@id":"https:\/\/staging.dontpanicgames.com\/fr\/shop\/quiz\/quiz-cinema-rockyrama\/","url":"https:\/\/staging.dontpanicgames.com\/fr\/shop\/quiz\/quiz-cinema-rockyrama\/","name":"Quiz Cin\u00e9ma Rockyrama - Don&#039;t Panic Games","isPartOf":{"@id":"https:\/\/staging.dontpanicgames.com\/fr\/#website"},"primaryImageOfPage":{"@id":"https:\/\/staging.dontpanicgames.com\/fr\/shop\/quiz\/quiz-cinema-rockyrama\/#primaryimage"},"image":{"@id":"https:\/\/staging.dontpanicgames.com\/fr\/shop\/quiz\/quiz-cinema-rockyrama\/#primaryimage"},"thumbnailUrl":"https:\/\/staging.dontpanicgames.com\/wp-content\/uploads\/2021\/01\/quiz-rockyrama-3d-2.jpg","datePublished":"2019-11-13T09:49:47+00:00","dateModified":"2023-11-08T10:29:09+00:00","description":"Rockyrama vous met \u00e0 l\u2019\u00e9preuve \u00e0 travers 500 questions sur les moments cultes du grand \u00e9cran, de Retour vers le futur \u00e0 Ghostbusters, en passant par Star Wars, Jumanji ou encore Indiana Jones !","breadcrumb":{"@id":"https:\/\/staging.dontpanicgames.com\/fr\/shop\/quiz\/quiz-cinema-rockyrama\/#breadcrumb"},"inLanguage":"fr-FR","potentialAction":[{"@type":"ReadAction","target":["https:\/\/staging.dontpanicgames.com\/fr\/shop\/quiz\/quiz-cinema-rockyrama\/"]}]},{"@type":"ImageObject","inLanguage":"fr-FR","@id":"https:\/\/staging.dontpanicgames.com\/fr\/shop\/quiz\/quiz-cinema-rockyrama\/#primaryimage","url":"https:\/\/staging.dontpanicgames.com\/wp-content\/uploads\/2021\/01\/quiz-rockyrama-3d-2.jpg","contentUrl":"https:\/\/staging.dontpanicgames.com\/wp-content\/uploads\/2021\/01\/quiz-rockyrama-3d-2.jpg","width":800,"height":800},{"@type":"BreadcrumbList","@id":"https:\/\/staging.dontpanicgames.com\/fr\/shop\/quiz\/quiz-cinema-rockyrama\/#breadcrumb","itemListElement":[{"@type":"ListItem","position":1,"name":"Accueil","item":"https:\/\/staging.dontpanicgames.com\/fr\/"},{"@type":"ListItem","position":2,"name":"Nos jeux","item":"https:\/\/staging.dontpanicgames.com\/fr\/nos-jeux\/"},{"@type":"ListItem","position":3,"name":"Quiz","item":"https:\/\/staging.dontpanicgames.com\/fr\/shop\/c\/quiz\/"},{"@type":"ListItem","position":4,"name":"Quiz Cin\u00e9ma Rockyrama"}]},{"@type":"WebSite","@id":"https:\/\/staging.dontpanicgames.com\/fr\/#website","url":"https:\/\/staging.dontpanicgames.com\/fr\/","name":"Don&#039;t Panic Games","description":"Don&#039;t Panic Games.com website","potentialAction":[{"@type":"SearchAction","target":{"@type":"EntryPoint","urlTemplate":"https:\/\/staging.dontpanicgames.com\/fr\/?s={search_term_string}"},"query-input":{"@type":"PropertyValueSpecification","valueRequired":true,"valueName":"search_term_string"}}],"inLanguage":"fr-FR"}]}},"_links":{"self":[{"href":"https:\/\/staging.dontpanicgames.com\/fr\/wp-json\/wp\/v2\/product\/19846","targetHints":{"allow":["GET"]}}],"collection":[{"href":"https:\/\/staging.dontpanicgames.com\/fr\/wp-json\/wp\/v2\/product"}],"about":[{"href":"https:\/\/staging.dontpanicgames.com\/fr\/wp-json\/wp\/v2\/types\/product"}],"wp:featuredmedia":[{"embeddable":true,"href":"https:\/\/staging.dontpanicgames.com\/fr\/wp-json\/wp\/v2\/media\/24318"}],"wp:attachment":[{"href":"https:\/\/staging.dontpanicgames.com\/fr\/wp-json\/wp\/v2\/media?parent=19846"}],"wp:term":[{"taxonomy":"product_brand","embeddable":true,"href":"https:\/\/staging.dontpanicgames.com\/fr\/wp-json\/wp\/v2\/product_brand?post=19846"},{"taxonomy":"product_cat","embeddable":true,"href":"https:\/\/staging.dontpanicgames.com\/fr\/wp-json\/wp\/v2\/product_cat?post=19846"},{"taxonomy":"product_tag","embeddable":true,"href":"https:\/\/staging.dontpanicgames.com\/fr\/wp-json\/wp\/v2\/product_tag?post=19846"}],"curies":[{"name":"wp","href":"https:\/\/api.w.org\/{rel}","templated":true}]}}