{"id":19816,"date":"2019-11-12T16:21:14","date_gmt":"2019-11-12T15:21:14","guid":{"rendered":"https:\/\/www.dontpanicgames.com\/?post_type=product&#038;p=19816"},"modified":"2023-06-30T14:20:15","modified_gmt":"2023-06-30T13:20:15","slug":"battle-quiz-super-heros","status":"publish","type":"product","link":"https:\/\/staging.dontpanicgames.com\/fr\/shop\/quiz\/battle-quiz-super-heros\/","title":{"rendered":"Battle Quiz &#8211; Super-h\u00e9ros"},"content":{"rendered":"<span class=\"et_bloom_bottom_trigger\"><\/span>","protected":false},"excerpt":{"rendered":"<p>1 livret + 125 cartes \/ 500 questions sur les Super-h\u00e9ros !<\/p>\n<p><strong>Le principe Battle Quiz :<\/strong><br \/>\nVous s\u00e9chez ? Pas de panique !<br \/>\nD\u00e9fiez vos amis en tirant une carte Battle, et l\u2019\u00e9quipe qui se rapproche le plus de la r\u00e9ponse l\u2019emporte ! Une occasion pour tout le monde de briller en soci\u00e9t\u00e9, m\u00eame en butant sur une question !<\/p>\n<ul>\n<li>\u00c0 la fin de quel film voit-on Thanos pour la premi\u00e8re fois ?<\/li>\n<li>Quelle s\u00e9rie de l&rsquo;Arrowverse ne se d\u00e9roule pas sur la Terre-1 ?<\/li>\n<li>Dans l&rsquo;univers Watchmen, qui a tu\u00e9 le Com\u00e9dien ?<\/li>\n<li>Dans quel comics Wolverine a-t-il fait sa premi\u00e8re apparition ?<\/li>\n<\/ul>\n<p>Testez vos connaissances et devenez incollables sur les super-h\u00e9ros Marvel, DC Comics&#8230; et les autres !<\/p>\n<p><strong>Cat\u00e9gories<\/strong><\/p>\n<ul>\n<li>Comics<\/li>\n<li>S\u00e9ries T.V<\/li>\n<li>Cin\u00e9ma<\/li>\n<li>Top secret !<\/li>\n<li>Marvel Cinematic Universe<\/li>\n<\/ul>\n<p>En partenariat avec <strong>H\u00e9ros<\/strong>, le mook qui a parfois Thor.<\/p>\n","protected":false},"featured_media":24310,"template":"","meta":{"_acf_changed":false},"product_brand":[],"product_cat":[664],"product_tag":[834],"class_list":{"0":"post-19816","1":"product","2":"type-product","3":"status-publish","4":"has-post-thumbnail","6":"product_cat-quiz","7":"product_tag-culture-generale","8":"product_shipping_class-standard-fr","10":"first","11":"instock","12":"taxable","13":"shipping-taxable","14":"purchasable","15":"product-type-simple"},"acf":[],"yoast_head":"<!-- This site is optimized with the Yoast SEO plugin v25.2 - https:\/\/yoast.com\/wordpress\/plugins\/seo\/ -->\n<title>Battle Quiz - Super-h\u00e9ros - Don&#039;t Panic Games<\/title>\n<meta name=\"description\" content=\"Testez vos connaissances et devenez incollables sur les super-h\u00e9ros Marvel, DC Comics... et les autres !\" \/>\n<meta name=\"robots\" content=\"index, follow, max-snippet:-1, max-image-preview:large, max-video-preview:-1\" \/>\n<link rel=\"canonical\" href=\"https:\/\/staging.dontpanicgames.com\/fr\/shop\/quiz\/battle-quiz-super-heros\/\" \/>\n<meta property=\"og:locale\" content=\"fr_FR\" \/>\n<meta property=\"og:type\" content=\"article\" \/>\n<meta property=\"og:title\" content=\"Battle Quiz - Super-h\u00e9ros - Don&#039;t Panic Games\" \/>\n<meta property=\"og:description\" content=\"Testez vos connaissances et devenez incollables sur les super-h\u00e9ros Marvel, DC Comics... et les autres !\" \/>\n<meta property=\"og:url\" content=\"https:\/\/staging.dontpanicgames.com\/fr\/shop\/quiz\/battle-quiz-super-heros\/\" \/>\n<meta property=\"og:site_name\" content=\"Don&#039;t Panic Games\" \/>\n<meta property=\"article:publisher\" content=\"https:\/\/www.facebook.com\/dontpanicgames\/\" \/>\n<meta property=\"article:modified_time\" content=\"2023-06-30T13:20:15+00:00\" \/>\n<meta property=\"og:image\" content=\"https:\/\/staging.dontpanicgames.com\/wp-content\/uploads\/2019\/11\/quiz-superheros-packshot-3d_presse.jpg\" \/>\n\t<meta property=\"og:image:width\" content=\"893\" \/>\n\t<meta property=\"og:image:height\" content=\"800\" \/>\n\t<meta property=\"og:image:type\" content=\"image\/jpeg\" \/>\n<meta name=\"twitter:card\" content=\"summary_large_image\" \/>\n<meta name=\"twitter:site\" content=\"@DontPanicGames1\" \/>\n<script type=\"application\/ld+json\" class=\"yoast-schema-graph\">{\"@context\":\"https:\/\/schema.org\",\"@graph\":[{\"@type\":\"WebPage\",\"@id\":\"https:\/\/staging.dontpanicgames.com\/fr\/shop\/quiz\/battle-quiz-super-heros\/\",\"url\":\"https:\/\/staging.dontpanicgames.com\/fr\/shop\/quiz\/battle-quiz-super-heros\/\",\"name\":\"Battle Quiz - Super-h\u00e9ros - Don&#039;t Panic Games\",\"isPartOf\":{\"@id\":\"https:\/\/staging.dontpanicgames.com\/fr\/#website\"},\"primaryImageOfPage\":{\"@id\":\"https:\/\/staging.dontpanicgames.com\/fr\/shop\/quiz\/battle-quiz-super-heros\/#primaryimage\"},\"image\":{\"@id\":\"https:\/\/staging.dontpanicgames.com\/fr\/shop\/quiz\/battle-quiz-super-heros\/#primaryimage\"},\"thumbnailUrl\":\"https:\/\/staging.dontpanicgames.com\/wp-content\/uploads\/2021\/01\/quiz-superheros-3d-2.jpg\",\"datePublished\":\"2019-11-12T15:21:14+00:00\",\"dateModified\":\"2023-06-30T13:20:15+00:00\",\"description\":\"Testez vos connaissances et devenez incollables sur les super-h\u00e9ros Marvel, DC Comics... et les autres !\",\"breadcrumb\":{\"@id\":\"https:\/\/staging.dontpanicgames.com\/fr\/shop\/quiz\/battle-quiz-super-heros\/#breadcrumb\"},\"inLanguage\":\"fr-FR\",\"potentialAction\":[{\"@type\":\"ReadAction\",\"target\":[\"https:\/\/staging.dontpanicgames.com\/fr\/shop\/quiz\/battle-quiz-super-heros\/\"]}]},{\"@type\":\"ImageObject\",\"inLanguage\":\"fr-FR\",\"@id\":\"https:\/\/staging.dontpanicgames.com\/fr\/shop\/quiz\/battle-quiz-super-heros\/#primaryimage\",\"url\":\"https:\/\/staging.dontpanicgames.com\/wp-content\/uploads\/2021\/01\/quiz-superheros-3d-2.jpg\",\"contentUrl\":\"https:\/\/staging.dontpanicgames.com\/wp-content\/uploads\/2021\/01\/quiz-superheros-3d-2.jpg\",\"width\":800,\"height\":800},{\"@type\":\"BreadcrumbList\",\"@id\":\"https:\/\/staging.dontpanicgames.com\/fr\/shop\/quiz\/battle-quiz-super-heros\/#breadcrumb\",\"itemListElement\":[{\"@type\":\"ListItem\",\"position\":1,\"name\":\"Accueil\",\"item\":\"https:\/\/staging.dontpanicgames.com\/fr\/\"},{\"@type\":\"ListItem\",\"position\":2,\"name\":\"Nos jeux\",\"item\":\"https:\/\/staging.dontpanicgames.com\/fr\/nos-jeux\/\"},{\"@type\":\"ListItem\",\"position\":3,\"name\":\"Quiz\",\"item\":\"https:\/\/staging.dontpanicgames.com\/fr\/shop\/c\/quiz\/\"},{\"@type\":\"ListItem\",\"position\":4,\"name\":\"Battle Quiz &#8211; Super-h\u00e9ros\"}]},{\"@type\":\"WebSite\",\"@id\":\"https:\/\/staging.dontpanicgames.com\/fr\/#website\",\"url\":\"https:\/\/staging.dontpanicgames.com\/fr\/\",\"name\":\"Don&#039;t Panic Games\",\"description\":\"Don&#039;t Panic Games.com website\",\"potentialAction\":[{\"@type\":\"SearchAction\",\"target\":{\"@type\":\"EntryPoint\",\"urlTemplate\":\"https:\/\/staging.dontpanicgames.com\/fr\/?s={search_term_string}\"},\"query-input\":{\"@type\":\"PropertyValueSpecification\",\"valueRequired\":true,\"valueName\":\"search_term_string\"}}],\"inLanguage\":\"fr-FR\"}]}<\/script>\n<!-- \/ Yoast SEO plugin. -->","yoast_head_json":{"title":"Battle Quiz - Super-h\u00e9ros - Don&#039;t Panic Games","description":"Testez vos connaissances et devenez incollables sur les super-h\u00e9ros Marvel, DC Comics... et les autres !","robots":{"index":"index","follow":"follow","max-snippet":"max-snippet:-1","max-image-preview":"max-image-preview:large","max-video-preview":"max-video-preview:-1"},"canonical":"https:\/\/staging.dontpanicgames.com\/fr\/shop\/quiz\/battle-quiz-super-heros\/","og_locale":"fr_FR","og_type":"article","og_title":"Battle Quiz - Super-h\u00e9ros - Don&#039;t Panic Games","og_description":"Testez vos connaissances et devenez incollables sur les super-h\u00e9ros Marvel, DC Comics... et les autres !","og_url":"https:\/\/staging.dontpanicgames.com\/fr\/shop\/quiz\/battle-quiz-super-heros\/","og_site_name":"Don&#039;t Panic Games","article_publisher":"https:\/\/www.facebook.com\/dontpanicgames\/","article_modified_time":"2023-06-30T13:20:15+00:00","og_image":[{"width":893,"height":800,"url":"https:\/\/staging.dontpanicgames.com\/wp-content\/uploads\/2019\/11\/quiz-superheros-packshot-3d_presse.jpg","type":"image\/jpeg"}],"twitter_card":"summary_large_image","twitter_site":"@DontPanicGames1","schema":{"@context":"https:\/\/schema.org","@graph":[{"@type":"WebPage","@id":"https:\/\/staging.dontpanicgames.com\/fr\/shop\/quiz\/battle-quiz-super-heros\/","url":"https:\/\/staging.dontpanicgames.com\/fr\/shop\/quiz\/battle-quiz-super-heros\/","name":"Battle Quiz - Super-h\u00e9ros - Don&#039;t Panic Games","isPartOf":{"@id":"https:\/\/staging.dontpanicgames.com\/fr\/#website"},"primaryImageOfPage":{"@id":"https:\/\/staging.dontpanicgames.com\/fr\/shop\/quiz\/battle-quiz-super-heros\/#primaryimage"},"image":{"@id":"https:\/\/staging.dontpanicgames.com\/fr\/shop\/quiz\/battle-quiz-super-heros\/#primaryimage"},"thumbnailUrl":"https:\/\/staging.dontpanicgames.com\/wp-content\/uploads\/2021\/01\/quiz-superheros-3d-2.jpg","datePublished":"2019-11-12T15:21:14+00:00","dateModified":"2023-06-30T13:20:15+00:00","description":"Testez vos connaissances et devenez incollables sur les super-h\u00e9ros Marvel, DC Comics... et les autres !","breadcrumb":{"@id":"https:\/\/staging.dontpanicgames.com\/fr\/shop\/quiz\/battle-quiz-super-heros\/#breadcrumb"},"inLanguage":"fr-FR","potentialAction":[{"@type":"ReadAction","target":["https:\/\/staging.dontpanicgames.com\/fr\/shop\/quiz\/battle-quiz-super-heros\/"]}]},{"@type":"ImageObject","inLanguage":"fr-FR","@id":"https:\/\/staging.dontpanicgames.com\/fr\/shop\/quiz\/battle-quiz-super-heros\/#primaryimage","url":"https:\/\/staging.dontpanicgames.com\/wp-content\/uploads\/2021\/01\/quiz-superheros-3d-2.jpg","contentUrl":"https:\/\/staging.dontpanicgames.com\/wp-content\/uploads\/2021\/01\/quiz-superheros-3d-2.jpg","width":800,"height":800},{"@type":"BreadcrumbList","@id":"https:\/\/staging.dontpanicgames.com\/fr\/shop\/quiz\/battle-quiz-super-heros\/#breadcrumb","itemListElement":[{"@type":"ListItem","position":1,"name":"Accueil","item":"https:\/\/staging.dontpanicgames.com\/fr\/"},{"@type":"ListItem","position":2,"name":"Nos jeux","item":"https:\/\/staging.dontpanicgames.com\/fr\/nos-jeux\/"},{"@type":"ListItem","position":3,"name":"Quiz","item":"https:\/\/staging.dontpanicgames.com\/fr\/shop\/c\/quiz\/"},{"@type":"ListItem","position":4,"name":"Battle Quiz &#8211; Super-h\u00e9ros"}]},{"@type":"WebSite","@id":"https:\/\/staging.dontpanicgames.com\/fr\/#website","url":"https:\/\/staging.dontpanicgames.com\/fr\/","name":"Don&#039;t Panic Games","description":"Don&#039;t Panic Games.com website","potentialAction":[{"@type":"SearchAction","target":{"@type":"EntryPoint","urlTemplate":"https:\/\/staging.dontpanicgames.com\/fr\/?s={search_term_string}"},"query-input":{"@type":"PropertyValueSpecification","valueRequired":true,"valueName":"search_term_string"}}],"inLanguage":"fr-FR"}]}},"_links":{"self":[{"href":"https:\/\/staging.dontpanicgames.com\/fr\/wp-json\/wp\/v2\/product\/19816","targetHints":{"allow":["GET"]}}],"collection":[{"href":"https:\/\/staging.dontpanicgames.com\/fr\/wp-json\/wp\/v2\/product"}],"about":[{"href":"https:\/\/staging.dontpanicgames.com\/fr\/wp-json\/wp\/v2\/types\/product"}],"wp:featuredmedia":[{"embeddable":true,"href":"https:\/\/staging.dontpanicgames.com\/fr\/wp-json\/wp\/v2\/media\/24310"}],"wp:attachment":[{"href":"https:\/\/staging.dontpanicgames.com\/fr\/wp-json\/wp\/v2\/media?parent=19816"}],"wp:term":[{"taxonomy":"product_brand","embeddable":true,"href":"https:\/\/staging.dontpanicgames.com\/fr\/wp-json\/wp\/v2\/product_brand?post=19816"},{"taxonomy":"product_cat","embeddable":true,"href":"https:\/\/staging.dontpanicgames.com\/fr\/wp-json\/wp\/v2\/product_cat?post=19816"},{"taxonomy":"product_tag","embeddable":true,"href":"https:\/\/staging.dontpanicgames.com\/fr\/wp-json\/wp\/v2\/product_tag?post=19816"}],"curies":[{"name":"wp","href":"https:\/\/api.w.org\/{rel}","templated":true}]}}