{"id":19747,"date":"2019-11-12T16:01:34","date_gmt":"2019-11-12T15:01:34","guid":{"rendered":"https:\/\/www.dontpanicgames.com\/?post_type=product&#038;p=19747"},"modified":"2023-06-30T14:24:33","modified_gmt":"2023-06-30T13:24:33","slug":"battle-quiz-dernier-quiz-avant-la-fin-du-monde","status":"publish","type":"product","link":"https:\/\/staging.dontpanicgames.com\/fr\/shop\/quiz\/battle-quiz-dernier-quiz-avant-la-fin-du-monde\/","title":{"rendered":"Battle Quiz &#8211; Dernier Quiz avant la fin du monde"},"content":{"rendered":"<span class=\"et_bloom_bottom_trigger\"><\/span>","protected":false},"excerpt":{"rendered":"<p><strong>Jouez maintenant, demain il sera trop tard !<\/strong><br \/>\n1 livret + 125 cartes \/ 500 questions sur la fin du monde !<\/p>\n<p><strong>Le principe Battle Quiz :<\/strong><br \/>\nVous s\u00e9chez ? Pas de panique !<br \/>\nD\u00e9fiez vos amis en tirant une carte Battle, et l\u2019\u00e9quipe qui se rapproche le plus de la r\u00e9ponse l\u2019emporte ! Une occasion pour tout le monde de briller en soci\u00e9t\u00e9, m\u00eame en butant sur une question !<\/p>\n<ul>\n<li>Savez-vous quel pourcentage d&rsquo;eau douce il reste sur notre plan\u00e8te ?<\/li>\n<li>Rappelez-vous le nom du premier mod\u00e8le de Terminator !<\/li>\n<li>Connaissez-vous le nom donn\u00e9 aux morts-vivants dans The Walking Dead ?<\/li>\n<li>Trouvez dans quel film des dragons sortent d\u2019hibernation pour se r\u00e9veiller \u00e0 notre \u00e9poque !<\/li>\n<\/ul>\n<p>Devenez incollables sur la fin du monde \u00e0 travers les livres, les jeux vid\u00e9o, les films, les s\u00e9ries t\u00e9l\u00e9vis\u00e9es et&#8230; en vrai, l\u00e0, maintenant !<\/p>\n<p><strong>Cat\u00e9gories<br \/>\n<\/strong><\/p>\n<ul>\n<li>La fin du monde \u00e0 cause des aliens<\/li>\n<li>La fin du monde \u00e0 cause d&rsquo;un virus<\/li>\n<li>La fin du monde \u00e0 cause de la nature<\/li>\n<li>La fin du monde \u00e0 cause des hommes<\/li>\n<li>La fin du monde chez les autres<\/li>\n<li>La fin du monde en vrai<\/li>\n<\/ul>\n<p><strong>Auteurs<\/strong> : Benjamin Pascal et Anne Murat<\/p>\n","protected":false},"featured_media":24320,"template":"","meta":{"_acf_changed":false},"product_brand":[],"product_cat":[664],"product_tag":[834],"class_list":{"0":"post-19747","1":"product","2":"type-product","3":"status-publish","4":"has-post-thumbnail","6":"product_cat-quiz","7":"product_tag-culture-generale","9":"first","10":"instock","11":"taxable","12":"shipping-taxable","13":"purchasable","14":"product-type-simple"},"acf":[],"yoast_head":"<!-- This site is optimized with the Yoast SEO plugin v25.2 - https:\/\/yoast.com\/wordpress\/plugins\/seo\/ -->\n<title>Battle Quiz - Dernier Quiz avant la fin du monde - Don&#039;t Panic Games<\/title>\n<meta name=\"description\" content=\"Jouez maintenant, demain il sera trop tard ! 1 livre + 500 questions sur la fin du monde !\" \/>\n<meta name=\"robots\" content=\"index, follow, max-snippet:-1, max-image-preview:large, max-video-preview:-1\" \/>\n<link rel=\"canonical\" href=\"https:\/\/staging.dontpanicgames.com\/fr\/shop\/quiz\/battle-quiz-dernier-quiz-avant-la-fin-du-monde\/\" \/>\n<meta property=\"og:locale\" content=\"fr_FR\" \/>\n<meta property=\"og:type\" content=\"article\" \/>\n<meta property=\"og:title\" content=\"Battle Quiz - Dernier Quiz avant la fin du monde - Don&#039;t Panic Games\" \/>\n<meta property=\"og:description\" content=\"Jouez maintenant, demain il sera trop tard ! 1 livre + 500 questions sur la fin du monde !\" \/>\n<meta property=\"og:url\" content=\"https:\/\/staging.dontpanicgames.com\/fr\/shop\/quiz\/battle-quiz-dernier-quiz-avant-la-fin-du-monde\/\" \/>\n<meta property=\"og:site_name\" content=\"Don&#039;t Panic Games\" \/>\n<meta property=\"article:publisher\" content=\"https:\/\/www.facebook.com\/dontpanicgames\/\" \/>\n<meta property=\"article:modified_time\" content=\"2023-06-30T13:24:33+00:00\" \/>\n<meta property=\"og:image\" content=\"https:\/\/staging.dontpanicgames.com\/wp-content\/uploads\/2019\/11\/quiz-dernierquiz-packshot-3d_presse.jpg\" \/>\n\t<meta property=\"og:image:width\" content=\"893\" \/>\n\t<meta property=\"og:image:height\" content=\"800\" \/>\n\t<meta property=\"og:image:type\" content=\"image\/jpeg\" \/>\n<meta name=\"twitter:card\" content=\"summary_large_image\" \/>\n<meta name=\"twitter:site\" content=\"@DontPanicGames1\" \/>\n<script type=\"application\/ld+json\" class=\"yoast-schema-graph\">{\"@context\":\"https:\/\/schema.org\",\"@graph\":[{\"@type\":\"WebPage\",\"@id\":\"https:\/\/staging.dontpanicgames.com\/fr\/shop\/quiz\/battle-quiz-dernier-quiz-avant-la-fin-du-monde\/\",\"url\":\"https:\/\/staging.dontpanicgames.com\/fr\/shop\/quiz\/battle-quiz-dernier-quiz-avant-la-fin-du-monde\/\",\"name\":\"Battle Quiz - Dernier Quiz avant la fin du monde - Don&#039;t Panic Games\",\"isPartOf\":{\"@id\":\"https:\/\/staging.dontpanicgames.com\/fr\/#website\"},\"primaryImageOfPage\":{\"@id\":\"https:\/\/staging.dontpanicgames.com\/fr\/shop\/quiz\/battle-quiz-dernier-quiz-avant-la-fin-du-monde\/#primaryimage\"},\"image\":{\"@id\":\"https:\/\/staging.dontpanicgames.com\/fr\/shop\/quiz\/battle-quiz-dernier-quiz-avant-la-fin-du-monde\/#primaryimage\"},\"thumbnailUrl\":\"https:\/\/staging.dontpanicgames.com\/wp-content\/uploads\/2021\/01\/quiz-dernierquiz-3d-2.jpg\",\"datePublished\":\"2019-11-12T15:01:34+00:00\",\"dateModified\":\"2023-06-30T13:24:33+00:00\",\"description\":\"Jouez maintenant, demain il sera trop tard ! 1 livre + 500 questions sur la fin du monde !\",\"breadcrumb\":{\"@id\":\"https:\/\/staging.dontpanicgames.com\/fr\/shop\/quiz\/battle-quiz-dernier-quiz-avant-la-fin-du-monde\/#breadcrumb\"},\"inLanguage\":\"fr-FR\",\"potentialAction\":[{\"@type\":\"ReadAction\",\"target\":[\"https:\/\/staging.dontpanicgames.com\/fr\/shop\/quiz\/battle-quiz-dernier-quiz-avant-la-fin-du-monde\/\"]}]},{\"@type\":\"ImageObject\",\"inLanguage\":\"fr-FR\",\"@id\":\"https:\/\/staging.dontpanicgames.com\/fr\/shop\/quiz\/battle-quiz-dernier-quiz-avant-la-fin-du-monde\/#primaryimage\",\"url\":\"https:\/\/staging.dontpanicgames.com\/wp-content\/uploads\/2021\/01\/quiz-dernierquiz-3d-2.jpg\",\"contentUrl\":\"https:\/\/staging.dontpanicgames.com\/wp-content\/uploads\/2021\/01\/quiz-dernierquiz-3d-2.jpg\",\"width\":800,\"height\":800},{\"@type\":\"BreadcrumbList\",\"@id\":\"https:\/\/staging.dontpanicgames.com\/fr\/shop\/quiz\/battle-quiz-dernier-quiz-avant-la-fin-du-monde\/#breadcrumb\",\"itemListElement\":[{\"@type\":\"ListItem\",\"position\":1,\"name\":\"Accueil\",\"item\":\"https:\/\/staging.dontpanicgames.com\/fr\/\"},{\"@type\":\"ListItem\",\"position\":2,\"name\":\"Nos jeux\",\"item\":\"https:\/\/staging.dontpanicgames.com\/fr\/nos-jeux\/\"},{\"@type\":\"ListItem\",\"position\":3,\"name\":\"Quiz\",\"item\":\"https:\/\/staging.dontpanicgames.com\/fr\/shop\/c\/quiz\/\"},{\"@type\":\"ListItem\",\"position\":4,\"name\":\"Battle Quiz &#8211; Dernier Quiz avant la fin du monde\"}]},{\"@type\":\"WebSite\",\"@id\":\"https:\/\/staging.dontpanicgames.com\/fr\/#website\",\"url\":\"https:\/\/staging.dontpanicgames.com\/fr\/\",\"name\":\"Don&#039;t Panic Games\",\"description\":\"Don&#039;t Panic Games.com website\",\"potentialAction\":[{\"@type\":\"SearchAction\",\"target\":{\"@type\":\"EntryPoint\",\"urlTemplate\":\"https:\/\/staging.dontpanicgames.com\/fr\/?s={search_term_string}\"},\"query-input\":{\"@type\":\"PropertyValueSpecification\",\"valueRequired\":true,\"valueName\":\"search_term_string\"}}],\"inLanguage\":\"fr-FR\"}]}<\/script>\n<!-- \/ Yoast SEO plugin. -->","yoast_head_json":{"title":"Battle Quiz - Dernier Quiz avant la fin du monde - Don&#039;t Panic Games","description":"Jouez maintenant, demain il sera trop tard ! 1 livre + 500 questions sur la fin du monde !","robots":{"index":"index","follow":"follow","max-snippet":"max-snippet:-1","max-image-preview":"max-image-preview:large","max-video-preview":"max-video-preview:-1"},"canonical":"https:\/\/staging.dontpanicgames.com\/fr\/shop\/quiz\/battle-quiz-dernier-quiz-avant-la-fin-du-monde\/","og_locale":"fr_FR","og_type":"article","og_title":"Battle Quiz - Dernier Quiz avant la fin du monde - Don&#039;t Panic Games","og_description":"Jouez maintenant, demain il sera trop tard ! 1 livre + 500 questions sur la fin du monde !","og_url":"https:\/\/staging.dontpanicgames.com\/fr\/shop\/quiz\/battle-quiz-dernier-quiz-avant-la-fin-du-monde\/","og_site_name":"Don&#039;t Panic Games","article_publisher":"https:\/\/www.facebook.com\/dontpanicgames\/","article_modified_time":"2023-06-30T13:24:33+00:00","og_image":[{"width":893,"height":800,"url":"https:\/\/staging.dontpanicgames.com\/wp-content\/uploads\/2019\/11\/quiz-dernierquiz-packshot-3d_presse.jpg","type":"image\/jpeg"}],"twitter_card":"summary_large_image","twitter_site":"@DontPanicGames1","schema":{"@context":"https:\/\/schema.org","@graph":[{"@type":"WebPage","@id":"https:\/\/staging.dontpanicgames.com\/fr\/shop\/quiz\/battle-quiz-dernier-quiz-avant-la-fin-du-monde\/","url":"https:\/\/staging.dontpanicgames.com\/fr\/shop\/quiz\/battle-quiz-dernier-quiz-avant-la-fin-du-monde\/","name":"Battle Quiz - Dernier Quiz avant la fin du monde - Don&#039;t Panic Games","isPartOf":{"@id":"https:\/\/staging.dontpanicgames.com\/fr\/#website"},"primaryImageOfPage":{"@id":"https:\/\/staging.dontpanicgames.com\/fr\/shop\/quiz\/battle-quiz-dernier-quiz-avant-la-fin-du-monde\/#primaryimage"},"image":{"@id":"https:\/\/staging.dontpanicgames.com\/fr\/shop\/quiz\/battle-quiz-dernier-quiz-avant-la-fin-du-monde\/#primaryimage"},"thumbnailUrl":"https:\/\/staging.dontpanicgames.com\/wp-content\/uploads\/2021\/01\/quiz-dernierquiz-3d-2.jpg","datePublished":"2019-11-12T15:01:34+00:00","dateModified":"2023-06-30T13:24:33+00:00","description":"Jouez maintenant, demain il sera trop tard ! 1 livre + 500 questions sur la fin du monde !","breadcrumb":{"@id":"https:\/\/staging.dontpanicgames.com\/fr\/shop\/quiz\/battle-quiz-dernier-quiz-avant-la-fin-du-monde\/#breadcrumb"},"inLanguage":"fr-FR","potentialAction":[{"@type":"ReadAction","target":["https:\/\/staging.dontpanicgames.com\/fr\/shop\/quiz\/battle-quiz-dernier-quiz-avant-la-fin-du-monde\/"]}]},{"@type":"ImageObject","inLanguage":"fr-FR","@id":"https:\/\/staging.dontpanicgames.com\/fr\/shop\/quiz\/battle-quiz-dernier-quiz-avant-la-fin-du-monde\/#primaryimage","url":"https:\/\/staging.dontpanicgames.com\/wp-content\/uploads\/2021\/01\/quiz-dernierquiz-3d-2.jpg","contentUrl":"https:\/\/staging.dontpanicgames.com\/wp-content\/uploads\/2021\/01\/quiz-dernierquiz-3d-2.jpg","width":800,"height":800},{"@type":"BreadcrumbList","@id":"https:\/\/staging.dontpanicgames.com\/fr\/shop\/quiz\/battle-quiz-dernier-quiz-avant-la-fin-du-monde\/#breadcrumb","itemListElement":[{"@type":"ListItem","position":1,"name":"Accueil","item":"https:\/\/staging.dontpanicgames.com\/fr\/"},{"@type":"ListItem","position":2,"name":"Nos jeux","item":"https:\/\/staging.dontpanicgames.com\/fr\/nos-jeux\/"},{"@type":"ListItem","position":3,"name":"Quiz","item":"https:\/\/staging.dontpanicgames.com\/fr\/shop\/c\/quiz\/"},{"@type":"ListItem","position":4,"name":"Battle Quiz &#8211; Dernier Quiz avant la fin du monde"}]},{"@type":"WebSite","@id":"https:\/\/staging.dontpanicgames.com\/fr\/#website","url":"https:\/\/staging.dontpanicgames.com\/fr\/","name":"Don&#039;t Panic Games","description":"Don&#039;t Panic Games.com website","potentialAction":[{"@type":"SearchAction","target":{"@type":"EntryPoint","urlTemplate":"https:\/\/staging.dontpanicgames.com\/fr\/?s={search_term_string}"},"query-input":{"@type":"PropertyValueSpecification","valueRequired":true,"valueName":"search_term_string"}}],"inLanguage":"fr-FR"}]}},"_links":{"self":[{"href":"https:\/\/staging.dontpanicgames.com\/fr\/wp-json\/wp\/v2\/product\/19747","targetHints":{"allow":["GET"]}}],"collection":[{"href":"https:\/\/staging.dontpanicgames.com\/fr\/wp-json\/wp\/v2\/product"}],"about":[{"href":"https:\/\/staging.dontpanicgames.com\/fr\/wp-json\/wp\/v2\/types\/product"}],"wp:featuredmedia":[{"embeddable":true,"href":"https:\/\/staging.dontpanicgames.com\/fr\/wp-json\/wp\/v2\/media\/24320"}],"wp:attachment":[{"href":"https:\/\/staging.dontpanicgames.com\/fr\/wp-json\/wp\/v2\/media?parent=19747"}],"wp:term":[{"taxonomy":"product_brand","embeddable":true,"href":"https:\/\/staging.dontpanicgames.com\/fr\/wp-json\/wp\/v2\/product_brand?post=19747"},{"taxonomy":"product_cat","embeddable":true,"href":"https:\/\/staging.dontpanicgames.com\/fr\/wp-json\/wp\/v2\/product_cat?post=19747"},{"taxonomy":"product_tag","embeddable":true,"href":"https:\/\/staging.dontpanicgames.com\/fr\/wp-json\/wp\/v2\/product_tag?post=19747"}],"curies":[{"name":"wp","href":"https:\/\/api.w.org\/{rel}","templated":true}]}}