{"id":14557,"date":"2018-07-16T15:08:18","date_gmt":"2018-07-16T14:08:18","guid":{"rendered":"https:\/\/www.dontpanicgames.com\/?post_type=product&#038;p=14557"},"modified":"2021-12-08T17:07:43","modified_gmt":"2021-12-08T16:07:43","slug":"negociateur-prise-dotages-extension-2","status":"publish","type":"product","link":"https:\/\/staging.dontpanicgames.com\/fr\/shop\/negociateur-prise-d-otages\/negociateur-prise-dotages-extension-2\/","title":{"rendered":"N\u00e9gociateur &#8211; Extension 2"},"content":{"rendered":"<span class=\"et_bloom_bottom_trigger\"><\/span>","protected":false},"excerpt":{"rendered":"<p>Dans l\u2019extension n\u00b02, vous serez confront\u00e9 aux <b>Jumeaux Pedersen<\/b>, de dangereux criminels. Dans cette extension, vous serez confront\u00e9s \u00e0 DEUX preneurs d\u2019otages en m\u00eame temps ! Les nouvelles cartes \u00ab D\u00e9cision \u00bb repr\u00e9senteront vos choix qui auront des r\u00e9percussions pour le reste de la partie.<\/p>\n<p><b>Ce pack est une extension pour le jeu N\u00e9gociateur : Prise d&rsquo;Otages. Il contient 16 nouvelles cartes et apporte une nouvelle m\u00e9canique de jeu ! <\/b><\/p>\n<p><a href=\"https:\/\/www.dontpanicgames.com\/fr\/negociateur-prise-d-otages-les-extensions\/\">Plus d&rsquo;infos&#8230;<\/a><\/p>\n","protected":false},"featured_media":24304,"template":"","meta":{"_acf_changed":false},"product_brand":[],"product_cat":[678],"product_tag":[849],"class_list":{"0":"post-14557","1":"product","2":"type-product","3":"status-publish","4":"has-post-thumbnail","6":"product_cat-negociateur-prise-d-otages","7":"product_tag-solitaire","8":"product_shipping_class-standard-fr","10":"first","11":"outofstock","12":"taxable","13":"shipping-taxable","14":"purchasable","15":"product-type-simple"},"acf":[],"yoast_head":"<!-- This site is optimized with the Yoast SEO plugin v25.2 - https:\/\/yoast.com\/wordpress\/plugins\/seo\/ -->\n<title>N\u00e9gociateur - Extension 2 - Don&#039;t Panic Games<\/title>\n<meta name=\"robots\" content=\"index, follow, max-snippet:-1, max-image-preview:large, max-video-preview:-1\" \/>\n<link rel=\"canonical\" href=\"https:\/\/staging.dontpanicgames.com\/fr\/shop\/negociateur-prise-d-otages\/negociateur-prise-dotages-extension-2\/\" \/>\n<meta property=\"og:locale\" content=\"fr_FR\" \/>\n<meta property=\"og:type\" content=\"article\" \/>\n<meta property=\"og:title\" content=\"N\u00e9gociateur - Extension 2 - Don&#039;t Panic Games\" \/>\n<meta property=\"og:description\" content=\"Dans l\u2019extension n\u00b02, vous serez confront\u00e9 aux Jumeaux Pedersen, de dangereux criminels. Dans cette extension, vous serez confront\u00e9s \u00e0 DEUX preneurs d\u2019otages en m\u00eame temps ! Les nouvelles cartes \u00ab D\u00e9cision \u00bb repr\u00e9senteront vos choix qui auront des r\u00e9percussions pour le reste de la partie.  Ce pack est une extension pour le jeu N\u00e9gociateur : Prise d&#039;Otages. Il contient 16 nouvelles cartes et apporte une nouvelle m\u00e9canique de jeu !   Plus d&#039;infos...\" \/>\n<meta property=\"og:url\" content=\"https:\/\/staging.dontpanicgames.com\/fr\/shop\/negociateur-prise-d-otages\/negociateur-prise-dotages-extension-2\/\" \/>\n<meta property=\"og:site_name\" content=\"Don&#039;t Panic Games\" \/>\n<meta property=\"article:publisher\" content=\"https:\/\/www.facebook.com\/dontpanicgames\/\" \/>\n<meta property=\"article:modified_time\" content=\"2021-12-08T16:07:43+00:00\" \/>\n<meta property=\"og:image\" content=\"https:\/\/staging.dontpanicgames.com\/wp-content\/uploads\/2018\/07\/negociateur-packshot-foiler-hn-extension-2-2.jpg\" \/>\n\t<meta property=\"og:image:width\" content=\"500\" \/>\n\t<meta property=\"og:image:height\" content=\"500\" \/>\n\t<meta property=\"og:image:type\" content=\"image\/jpeg\" \/>\n<meta name=\"twitter:card\" content=\"summary_large_image\" \/>\n<meta name=\"twitter:site\" content=\"@DontPanicGames1\" \/>\n<script type=\"application\/ld+json\" class=\"yoast-schema-graph\">{\"@context\":\"https:\/\/schema.org\",\"@graph\":[{\"@type\":\"WebPage\",\"@id\":\"https:\/\/staging.dontpanicgames.com\/fr\/shop\/negociateur-prise-d-otages\/negociateur-prise-dotages-extension-2\/\",\"url\":\"https:\/\/staging.dontpanicgames.com\/fr\/shop\/negociateur-prise-d-otages\/negociateur-prise-dotages-extension-2\/\",\"name\":\"N\u00e9gociateur - Extension 2 - Don&#039;t Panic Games\",\"isPartOf\":{\"@id\":\"https:\/\/staging.dontpanicgames.com\/fr\/#website\"},\"primaryImageOfPage\":{\"@id\":\"https:\/\/staging.dontpanicgames.com\/fr\/shop\/negociateur-prise-d-otages\/negociateur-prise-dotages-extension-2\/#primaryimage\"},\"image\":{\"@id\":\"https:\/\/staging.dontpanicgames.com\/fr\/shop\/negociateur-prise-d-otages\/negociateur-prise-dotages-extension-2\/#primaryimage\"},\"thumbnailUrl\":\"https:\/\/staging.dontpanicgames.com\/wp-content\/uploads\/2018\/07\/negociateur-packshot-foiler-hn-extension-2-2.jpg\",\"datePublished\":\"2018-07-16T14:08:18+00:00\",\"dateModified\":\"2021-12-08T16:07:43+00:00\",\"breadcrumb\":{\"@id\":\"https:\/\/staging.dontpanicgames.com\/fr\/shop\/negociateur-prise-d-otages\/negociateur-prise-dotages-extension-2\/#breadcrumb\"},\"inLanguage\":\"fr-FR\",\"potentialAction\":[{\"@type\":\"ReadAction\",\"target\":[\"https:\/\/staging.dontpanicgames.com\/fr\/shop\/negociateur-prise-d-otages\/negociateur-prise-dotages-extension-2\/\"]}]},{\"@type\":\"ImageObject\",\"inLanguage\":\"fr-FR\",\"@id\":\"https:\/\/staging.dontpanicgames.com\/fr\/shop\/negociateur-prise-d-otages\/negociateur-prise-dotages-extension-2\/#primaryimage\",\"url\":\"https:\/\/staging.dontpanicgames.com\/wp-content\/uploads\/2018\/07\/negociateur-packshot-foiler-hn-extension-2-2.jpg\",\"contentUrl\":\"https:\/\/staging.dontpanicgames.com\/wp-content\/uploads\/2018\/07\/negociateur-packshot-foiler-hn-extension-2-2.jpg\",\"width\":500,\"height\":500},{\"@type\":\"BreadcrumbList\",\"@id\":\"https:\/\/staging.dontpanicgames.com\/fr\/shop\/negociateur-prise-d-otages\/negociateur-prise-dotages-extension-2\/#breadcrumb\",\"itemListElement\":[{\"@type\":\"ListItem\",\"position\":1,\"name\":\"Accueil\",\"item\":\"https:\/\/staging.dontpanicgames.com\/fr\/\"},{\"@type\":\"ListItem\",\"position\":2,\"name\":\"Nos jeux\",\"item\":\"https:\/\/staging.dontpanicgames.com\/fr\/nos-jeux\/\"},{\"@type\":\"ListItem\",\"position\":3,\"name\":\"N\u00e9gociateur : Prise d'otages\",\"item\":\"https:\/\/staging.dontpanicgames.com\/fr\/shop\/c\/negociateur-prise-d-otages\/\"},{\"@type\":\"ListItem\",\"position\":4,\"name\":\"N\u00e9gociateur &#8211; Extension 2\"}]},{\"@type\":\"WebSite\",\"@id\":\"https:\/\/staging.dontpanicgames.com\/fr\/#website\",\"url\":\"https:\/\/staging.dontpanicgames.com\/fr\/\",\"name\":\"Don&#039;t Panic Games\",\"description\":\"Don&#039;t Panic Games.com website\",\"potentialAction\":[{\"@type\":\"SearchAction\",\"target\":{\"@type\":\"EntryPoint\",\"urlTemplate\":\"https:\/\/staging.dontpanicgames.com\/fr\/?s={search_term_string}\"},\"query-input\":{\"@type\":\"PropertyValueSpecification\",\"valueRequired\":true,\"valueName\":\"search_term_string\"}}],\"inLanguage\":\"fr-FR\"}]}<\/script>\n<!-- \/ Yoast SEO plugin. -->","yoast_head_json":{"title":"N\u00e9gociateur - Extension 2 - Don&#039;t Panic Games","robots":{"index":"index","follow":"follow","max-snippet":"max-snippet:-1","max-image-preview":"max-image-preview:large","max-video-preview":"max-video-preview:-1"},"canonical":"https:\/\/staging.dontpanicgames.com\/fr\/shop\/negociateur-prise-d-otages\/negociateur-prise-dotages-extension-2\/","og_locale":"fr_FR","og_type":"article","og_title":"N\u00e9gociateur - Extension 2 - Don&#039;t Panic Games","og_description":"Dans l\u2019extension n\u00b02, vous serez confront\u00e9 aux Jumeaux Pedersen, de dangereux criminels. Dans cette extension, vous serez confront\u00e9s \u00e0 DEUX preneurs d\u2019otages en m\u00eame temps ! Les nouvelles cartes \u00ab D\u00e9cision \u00bb repr\u00e9senteront vos choix qui auront des r\u00e9percussions pour le reste de la partie.  Ce pack est une extension pour le jeu N\u00e9gociateur : Prise d'Otages. Il contient 16 nouvelles cartes et apporte une nouvelle m\u00e9canique de jeu !   Plus d'infos...","og_url":"https:\/\/staging.dontpanicgames.com\/fr\/shop\/negociateur-prise-d-otages\/negociateur-prise-dotages-extension-2\/","og_site_name":"Don&#039;t Panic Games","article_publisher":"https:\/\/www.facebook.com\/dontpanicgames\/","article_modified_time":"2021-12-08T16:07:43+00:00","og_image":[{"width":500,"height":500,"url":"https:\/\/staging.dontpanicgames.com\/wp-content\/uploads\/2018\/07\/negociateur-packshot-foiler-hn-extension-2-2.jpg","type":"image\/jpeg"}],"twitter_card":"summary_large_image","twitter_site":"@DontPanicGames1","schema":{"@context":"https:\/\/schema.org","@graph":[{"@type":"WebPage","@id":"https:\/\/staging.dontpanicgames.com\/fr\/shop\/negociateur-prise-d-otages\/negociateur-prise-dotages-extension-2\/","url":"https:\/\/staging.dontpanicgames.com\/fr\/shop\/negociateur-prise-d-otages\/negociateur-prise-dotages-extension-2\/","name":"N\u00e9gociateur - Extension 2 - Don&#039;t Panic Games","isPartOf":{"@id":"https:\/\/staging.dontpanicgames.com\/fr\/#website"},"primaryImageOfPage":{"@id":"https:\/\/staging.dontpanicgames.com\/fr\/shop\/negociateur-prise-d-otages\/negociateur-prise-dotages-extension-2\/#primaryimage"},"image":{"@id":"https:\/\/staging.dontpanicgames.com\/fr\/shop\/negociateur-prise-d-otages\/negociateur-prise-dotages-extension-2\/#primaryimage"},"thumbnailUrl":"https:\/\/staging.dontpanicgames.com\/wp-content\/uploads\/2018\/07\/negociateur-packshot-foiler-hn-extension-2-2.jpg","datePublished":"2018-07-16T14:08:18+00:00","dateModified":"2021-12-08T16:07:43+00:00","breadcrumb":{"@id":"https:\/\/staging.dontpanicgames.com\/fr\/shop\/negociateur-prise-d-otages\/negociateur-prise-dotages-extension-2\/#breadcrumb"},"inLanguage":"fr-FR","potentialAction":[{"@type":"ReadAction","target":["https:\/\/staging.dontpanicgames.com\/fr\/shop\/negociateur-prise-d-otages\/negociateur-prise-dotages-extension-2\/"]}]},{"@type":"ImageObject","inLanguage":"fr-FR","@id":"https:\/\/staging.dontpanicgames.com\/fr\/shop\/negociateur-prise-d-otages\/negociateur-prise-dotages-extension-2\/#primaryimage","url":"https:\/\/staging.dontpanicgames.com\/wp-content\/uploads\/2018\/07\/negociateur-packshot-foiler-hn-extension-2-2.jpg","contentUrl":"https:\/\/staging.dontpanicgames.com\/wp-content\/uploads\/2018\/07\/negociateur-packshot-foiler-hn-extension-2-2.jpg","width":500,"height":500},{"@type":"BreadcrumbList","@id":"https:\/\/staging.dontpanicgames.com\/fr\/shop\/negociateur-prise-d-otages\/negociateur-prise-dotages-extension-2\/#breadcrumb","itemListElement":[{"@type":"ListItem","position":1,"name":"Accueil","item":"https:\/\/staging.dontpanicgames.com\/fr\/"},{"@type":"ListItem","position":2,"name":"Nos jeux","item":"https:\/\/staging.dontpanicgames.com\/fr\/nos-jeux\/"},{"@type":"ListItem","position":3,"name":"N\u00e9gociateur : Prise d'otages","item":"https:\/\/staging.dontpanicgames.com\/fr\/shop\/c\/negociateur-prise-d-otages\/"},{"@type":"ListItem","position":4,"name":"N\u00e9gociateur &#8211; Extension 2"}]},{"@type":"WebSite","@id":"https:\/\/staging.dontpanicgames.com\/fr\/#website","url":"https:\/\/staging.dontpanicgames.com\/fr\/","name":"Don&#039;t Panic Games","description":"Don&#039;t Panic Games.com website","potentialAction":[{"@type":"SearchAction","target":{"@type":"EntryPoint","urlTemplate":"https:\/\/staging.dontpanicgames.com\/fr\/?s={search_term_string}"},"query-input":{"@type":"PropertyValueSpecification","valueRequired":true,"valueName":"search_term_string"}}],"inLanguage":"fr-FR"}]}},"_links":{"self":[{"href":"https:\/\/staging.dontpanicgames.com\/fr\/wp-json\/wp\/v2\/product\/14557","targetHints":{"allow":["GET"]}}],"collection":[{"href":"https:\/\/staging.dontpanicgames.com\/fr\/wp-json\/wp\/v2\/product"}],"about":[{"href":"https:\/\/staging.dontpanicgames.com\/fr\/wp-json\/wp\/v2\/types\/product"}],"wp:featuredmedia":[{"embeddable":true,"href":"https:\/\/staging.dontpanicgames.com\/fr\/wp-json\/wp\/v2\/media\/24304"}],"wp:attachment":[{"href":"https:\/\/staging.dontpanicgames.com\/fr\/wp-json\/wp\/v2\/media?parent=14557"}],"wp:term":[{"taxonomy":"product_brand","embeddable":true,"href":"https:\/\/staging.dontpanicgames.com\/fr\/wp-json\/wp\/v2\/product_brand?post=14557"},{"taxonomy":"product_cat","embeddable":true,"href":"https:\/\/staging.dontpanicgames.com\/fr\/wp-json\/wp\/v2\/product_cat?post=14557"},{"taxonomy":"product_tag","embeddable":true,"href":"https:\/\/staging.dontpanicgames.com\/fr\/wp-json\/wp\/v2\/product_tag?post=14557"}],"curies":[{"name":"wp","href":"https:\/\/api.w.org\/{rel}","templated":true}]}}