{"id":12954,"date":"2017-09-19T15:30:18","date_gmt":"2017-09-19T14:30:18","guid":{"rendered":"https:\/\/www.dontpanicgames.com\/shop\/non%20class\u00e9\/army-box-irosia-paladinate\/"},"modified":"2017-10-17T15:59:51","modified_gmt":"2017-10-17T13:59:51","slug":"army-box-paladinat-d-irosia","status":"publish","type":"product","link":"https:\/\/staging.dontpanicgames.com\/fr\/shop\/drakerys\/paladinat-irosia\/army-box-paladinat-d-irosia\/","title":{"rendered":"Bo\u00eete Arm\u00e9e : Paladinat d&rsquo;Irosia"},"content":{"rendered":"<div class=\"clear lazyload\" style=\"background:inherit;\" data-bg=\"url(&#039;https:\/\/www.dontpanicgames.com\/wp-content\/uploads\/addFromServer\/misc\/Irosia_Emblem.jpg&#039;) no-repeat top center\">\n<h3>Le Paladinat Sacr\u00e9<\/h3>\n<p>Gr\u00e2ce \u00e0 des comp\u00e9tences et une discipline militaires hors pair, l&rsquo;arm\u00e9e du Paladinat Sacr\u00e9 d&rsquo;Irosia est devenue le plus grand empire de Drakerys.\u00a0<!--more-->Les l\u00e9gions ont vaincu de nombreux pays, permettant ainsi d&rsquo;unifier les lois.<\/p>\n<p>N\u00e9anmoins, une question appara\u00eet : l&#8217;empire d&rsquo;Irosia n&rsquo;est-il pas trop vaste pour \u00eatre dirig\u00e9 par un seul homme ? Des murmures deviennent des id\u00e9es, des id\u00e9es se transforment en plans, et des plans deviennent des actions. Avec la guerre qui se profile, il est certain que de nouveaux h\u00e9ros remplaceront l&rsquo;ancien ordre, et qu&rsquo;une nouvelle \u00e8re appara\u00eetra dans le glorieux empire d&rsquo;Irosia !<\/p>\n<p style=\"text-align: justify;\">L\u2019Army Box Paladinat d&rsquo;Irosia contient tout ce dont un joueur a besoin pour conqu\u00e9rir Drakerys et mener une glorieuse arm\u00e9e irosienne, au nom de l&#8217;empereur Alexandre !<\/p>\n<p style=\"text-align: justify;\"><strong>Les figurines peuvent \u00eatre assembl\u00e9es avec des armes vari\u00e9es pour s&rsquo;adapter \u00e0 votre style de jeu et votre strat\u00e9gie.<\/strong><\/p>\n<h3>Mat\u00e9riel<\/h3>\n<ul>\n<li><span style=\"font-weight: 400;\"> 15 Conscrits (pouvant \u00eatre assembl\u00e9s en tant que Conscripts ou Archers)<\/span><\/li>\n<li><span style=\"font-weight: 400;\"> 2 Minotaures (3 combinaisons d\u2019armes)<\/span><\/li>\n<li><span style=\"font-weight: 400;\"> 1 H\u00e9ro\u00efne \u00c9veill\u00e9e (3 combinaisons d\u2019armes)<\/span><\/li>\n<li><span style=\"font-weight: 400;\"> R\u00e8gles de d\u00e9marrage rapide<\/span><\/li>\n<li><span style=\"font-weight: 400;\"> Pions<\/span><\/li>\n<li><span style=\"font-weight: 400;\"> 41 cartes (profils, magie, Table d\u2019Action)<\/span><\/li>\n<li><span style=\"font-weight: 400;\"> 5 r\u00e9glettes (5 cm, 10 cm, 15 cm, 20 cm et 25 cm)<\/span><\/li>\n<li><span style=\"font-weight: 400;\"> 10 d\u00e9s Irosia<\/span><\/li>\n<li><span style=\"font-weight: 400;\"> 1 d\u00e9 de d\u00e9viation<\/span><\/li>\n<\/ul>\n<p class=\"bold mt20\" style=\"text-align: justify;\">Taille des figurines en plastique : 32mm.<br \/>\nLes figurines doivent \u00eatre assembl\u00e9es.<br \/>\nLes d\u00e9cors ne sont pas inclus.<br \/>\nCette bo\u00eete d&rsquo;arm\u00e9e est pour un seul joueur.<\/p>\n<p class=\"clear mt30 mb30\"><a class=\"zoom\" href=\"https:\/\/www.dontpanicgames.com\/wp-content\/uploads\/addFromServer\/misc\/Irosia_Karya.jpg\" rel=\"prettyPhoto\"><img decoding=\"async\" class=\"whitePadding boxShadow mr30 alignnone wp-image-310 size-medium lazyload\" data-src=\"https:\/\/www.dontpanicgames.com\/wp-content\/uploads\/addFromServer\/misc\/Irosia_Karya-300x300.jpg\" alt=\"Irosia_Karya\" width=\"300\" height=\"210\" src=\"data:image\/gif;base64,R0lGODlhAQABAAAAACH5BAEKAAEALAAAAAABAAEAAAICTAEAOw==\" style=\"--smush-placeholder-width: 300px; --smush-placeholder-aspect-ratio: 300\/210;\" \/><\/a><a class=\"zoom\" href=\"https:\/\/www.dontpanicgames.com\/wp-content\/uploads\/addFromServer\/misc\/Irosia_Bowmen.jpg\" rel=\"prettyPhoto\"><img decoding=\"async\" class=\"whitePadding boxShadow mr30 alignnone wp-image-306 size-medium lazyload\" data-src=\"https:\/\/www.dontpanicgames.com\/wp-content\/uploads\/addFromServer\/misc\/Irosia_Bowmen-300x300.jpg\" alt=\"Irosia_Bowmen\" width=\"300\" height=\"210\" src=\"data:image\/gif;base64,R0lGODlhAQABAAAAACH5BAEKAAEALAAAAAABAAEAAAICTAEAOw==\" style=\"--smush-placeholder-width: 300px; --smush-placeholder-aspect-ratio: 300\/210;\" \/><\/a> <a class=\"zoom\" href=\"https:\/\/www.dontpanicgames.com\/wp-content\/uploads\/addFromServer\/misc\/Irosia_Minotaur.jpg\" rel=\"prettyPhoto\"><img decoding=\"async\" class=\"whitePadding boxShadow mr10 alignnone wp-image-314 lazyload\" data-src=\"https:\/\/www.dontpanicgames.com\/wp-content\/uploads\/addFromServer\/misc\/Irosia_Minotaur.jpg\" alt=\"Irosia_Minotaur\" width=\"213\" height=\"300\" src=\"data:image\/gif;base64,R0lGODlhAQABAAAAACH5BAEKAAEALAAAAAABAAEAAAICTAEAOw==\" style=\"--smush-placeholder-width: 213px; --smush-placeholder-aspect-ratio: 213\/300;\" \/><\/a><br \/>\n<img decoding=\"async\" class=\"mt10 aligncenter wp-image-309 size-full lazyload\" data-src=\"https:\/\/www.dontpanicgames.com\/wp-content\/uploads\/addFromServer\/misc\/Irosia_Conscripts.jpg\" alt=\"Irosia_Conscripts\" width=\"800\" height=\"401\" src=\"data:image\/gif;base64,R0lGODlhAQABAAAAACH5BAEKAAEALAAAAAABAAEAAAICTAEAOw==\" style=\"--smush-placeholder-width: 800px; --smush-placeholder-aspect-ratio: 800\/401;\" \/><\/p>\n<\/div>\n<span class=\"et_bloom_bottom_trigger\"><\/span>","protected":false},"excerpt":{"rendered":"<p><strong>L\u2019Army Box Paladinat d&rsquo;Irosia contient tout ce dont un joueur a besoin pour conqu\u00e9rir Drakerys et mener une glorieuse arm\u00e9e irosienne.<\/strong><\/p>\n<p><strong><br \/>\n<\/strong>Le contenu de cette bo\u00eete peut \u00eatre renforc\u00e9 avec des Unit Box et Solo Box Ashral, ainsi qu\u2019avec des alli\u00e9s \u00e9l\u00e9mentaires.<\/p>\n<p>CONTENU :<br \/>\n\u2022 1 H\u00e9ro\u00efne \u00c9veill\u00e9e d\u2019Irosia (3 combinaisons d\u2019armes)<br \/>\n\u2022 2 Minotaures d\u2019Irosia (3 combinaisons d\u2019armes)<br \/>\n\u2022 15 Conscrits d\u2019Irosia (3 combinaisons d\u2019armes)<br \/>\n\u2022 R\u00e8gles de d\u00e9marrage rapide<br \/>\n\u2022 Pions<br \/>\n\u2022 41 cartes (profils, magie, Table d\u2019Action)<br \/>\n\u2022 5 r\u00e9glettes (5 cm, 10 cm, 15 cm, 20 cm et 25 cm)<br \/>\n\u2022 10 d\u00e9s Irosia<br \/>\n\u2022 1 d\u00e9 de d\u00e9viation<\/p>\n","protected":false},"featured_media":12260,"template":"","meta":{"_acf_changed":false},"product_brand":[],"product_cat":[388],"product_tag":[],"class_list":{"0":"post-12954","1":"product","2":"type-product","3":"status-publish","4":"has-post-thumbnail","6":"product_cat-paladinat-irosia","7":"product_shipping_class-standard-fr","9":"first","10":"outofstock","11":"taxable","12":"shipping-taxable","13":"purchasable","14":"product-type-variable"},"acf":[],"yoast_head":"<!-- This site is optimized with the Yoast SEO plugin v25.2 - https:\/\/yoast.com\/wordpress\/plugins\/seo\/ -->\n<title>Bo\u00eete Arm\u00e9e : Paladinat d&#039;Irosia - Don&#039;t Panic Games<\/title>\n<meta name=\"robots\" content=\"index, follow, max-snippet:-1, max-image-preview:large, max-video-preview:-1\" \/>\n<link rel=\"canonical\" href=\"https:\/\/staging.dontpanicgames.com\/fr\/shop\/drakerys\/paladinat-irosia\/army-box-paladinat-d-irosia\/\" \/>\n<meta property=\"og:locale\" content=\"fr_FR\" \/>\n<meta property=\"og:type\" content=\"article\" \/>\n<meta property=\"og:title\" content=\"Bo\u00eete Arm\u00e9e : Paladinat d&#039;Irosia - Don&#039;t Panic Games\" \/>\n<meta property=\"og:description\" content=\"L\u2019Army Box Paladinat d&#039;Irosia contient tout ce dont un joueur a besoin pour conqu\u00e9rir Drakerys et mener une glorieuse arm\u00e9e irosienne.   Le contenu de cette bo\u00eete peut \u00eatre renforc\u00e9 avec des Unit Box et Solo Box Ashral, ainsi qu\u2019avec des alli\u00e9s \u00e9l\u00e9mentaires.  CONTENU : \u2022 1 H\u00e9ro\u00efne \u00c9veill\u00e9e d\u2019Irosia (3 combinaisons d\u2019armes) \u2022 2 Minotaures d\u2019Irosia (3 combinaisons d\u2019armes) \u2022 15 Conscrits d\u2019Irosia (3 combinaisons d\u2019armes) \u2022 R\u00e8gles de d\u00e9marrage rapide \u2022 Pions \u2022 41 cartes (profils, magie, Table d\u2019Action) \u2022 5 r\u00e9glettes (5 cm, 10 cm, 15 cm, 20 cm et 25 cm) \u2022 10 d\u00e9s Irosia \u2022 1 d\u00e9 de d\u00e9viation\" \/>\n<meta property=\"og:url\" content=\"https:\/\/staging.dontpanicgames.com\/fr\/shop\/drakerys\/paladinat-irosia\/army-box-paladinat-d-irosia\/\" \/>\n<meta property=\"og:site_name\" content=\"Don&#039;t Panic Games\" \/>\n<meta property=\"article:publisher\" content=\"https:\/\/www.facebook.com\/dontpanicgames\/\" \/>\n<meta property=\"article:modified_time\" content=\"2017-10-17T13:59:51+00:00\" \/>\n<meta property=\"og:image\" content=\"https:\/\/staging.dontpanicgames.com\/wp-content\/uploads\/addFromServer\/products\/IRAB2201-armybox-irosia-mockup-b.jpg\" \/>\n\t<meta property=\"og:image:width\" content=\"1000\" \/>\n\t<meta property=\"og:image:height\" content=\"1000\" \/>\n\t<meta property=\"og:image:type\" content=\"image\/jpeg\" \/>\n<meta name=\"twitter:card\" content=\"summary_large_image\" \/>\n<meta name=\"twitter:site\" content=\"@DontPanicGames1\" \/>\n<meta name=\"twitter:label1\" content=\"Dur\u00e9e de lecture estim\u00e9e\" \/>\n\t<meta name=\"twitter:data1\" content=\"1 minute\" \/>\n<script type=\"application\/ld+json\" class=\"yoast-schema-graph\">{\"@context\":\"https:\/\/schema.org\",\"@graph\":[{\"@type\":\"WebPage\",\"@id\":\"https:\/\/staging.dontpanicgames.com\/fr\/shop\/drakerys\/paladinat-irosia\/army-box-paladinat-d-irosia\/\",\"url\":\"https:\/\/staging.dontpanicgames.com\/fr\/shop\/drakerys\/paladinat-irosia\/army-box-paladinat-d-irosia\/\",\"name\":\"Bo\u00eete Arm\u00e9e : Paladinat d'Irosia - Don&#039;t Panic Games\",\"isPartOf\":{\"@id\":\"https:\/\/staging.dontpanicgames.com\/fr\/#website\"},\"primaryImageOfPage\":{\"@id\":\"https:\/\/staging.dontpanicgames.com\/fr\/shop\/drakerys\/paladinat-irosia\/army-box-paladinat-d-irosia\/#primaryimage\"},\"image\":{\"@id\":\"https:\/\/staging.dontpanicgames.com\/fr\/shop\/drakerys\/paladinat-irosia\/army-box-paladinat-d-irosia\/#primaryimage\"},\"thumbnailUrl\":\"https:\/\/staging.dontpanicgames.com\/wp-content\/uploads\/addFromServer\/products\/IRAB2201-armybox-irosia-mockup-b.jpg\",\"datePublished\":\"2017-09-19T14:30:18+00:00\",\"dateModified\":\"2017-10-17T13:59:51+00:00\",\"breadcrumb\":{\"@id\":\"https:\/\/staging.dontpanicgames.com\/fr\/shop\/drakerys\/paladinat-irosia\/army-box-paladinat-d-irosia\/#breadcrumb\"},\"inLanguage\":\"fr-FR\",\"potentialAction\":[{\"@type\":\"ReadAction\",\"target\":[\"https:\/\/staging.dontpanicgames.com\/fr\/shop\/drakerys\/paladinat-irosia\/army-box-paladinat-d-irosia\/\"]}]},{\"@type\":\"ImageObject\",\"inLanguage\":\"fr-FR\",\"@id\":\"https:\/\/staging.dontpanicgames.com\/fr\/shop\/drakerys\/paladinat-irosia\/army-box-paladinat-d-irosia\/#primaryimage\",\"url\":\"https:\/\/staging.dontpanicgames.com\/wp-content\/uploads\/addFromServer\/products\/IRAB2201-armybox-irosia-mockup-b.jpg\",\"contentUrl\":\"https:\/\/staging.dontpanicgames.com\/wp-content\/uploads\/addFromServer\/products\/IRAB2201-armybox-irosia-mockup-b.jpg\",\"width\":1000,\"height\":1000},{\"@type\":\"BreadcrumbList\",\"@id\":\"https:\/\/staging.dontpanicgames.com\/fr\/shop\/drakerys\/paladinat-irosia\/army-box-paladinat-d-irosia\/#breadcrumb\",\"itemListElement\":[{\"@type\":\"ListItem\",\"position\":1,\"name\":\"Accueil\",\"item\":\"https:\/\/staging.dontpanicgames.com\/fr\/\"},{\"@type\":\"ListItem\",\"position\":2,\"name\":\"Nos jeux\",\"item\":\"https:\/\/staging.dontpanicgames.com\/fr\/nos-jeux\/\"},{\"@type\":\"ListItem\",\"position\":3,\"name\":\"Drakerys\",\"item\":\"https:\/\/staging.dontpanicgames.com\/fr\/shop\/c\/drakerys\/\"},{\"@type\":\"ListItem\",\"position\":4,\"name\":\"Paladinat d'Irosia\",\"item\":\"https:\/\/staging.dontpanicgames.com\/fr\/shop\/c\/drakerys\/paladinat-irosia\/\"},{\"@type\":\"ListItem\",\"position\":5,\"name\":\"Bo\u00eete Arm\u00e9e : Paladinat d&rsquo;Irosia\"}]},{\"@type\":\"WebSite\",\"@id\":\"https:\/\/staging.dontpanicgames.com\/fr\/#website\",\"url\":\"https:\/\/staging.dontpanicgames.com\/fr\/\",\"name\":\"Don&#039;t Panic Games\",\"description\":\"Don&#039;t Panic Games.com website\",\"potentialAction\":[{\"@type\":\"SearchAction\",\"target\":{\"@type\":\"EntryPoint\",\"urlTemplate\":\"https:\/\/staging.dontpanicgames.com\/fr\/?s={search_term_string}\"},\"query-input\":{\"@type\":\"PropertyValueSpecification\",\"valueRequired\":true,\"valueName\":\"search_term_string\"}}],\"inLanguage\":\"fr-FR\"}]}<\/script>\n<!-- \/ Yoast SEO plugin. -->","yoast_head_json":{"title":"Bo\u00eete Arm\u00e9e : Paladinat d'Irosia - Don&#039;t Panic Games","robots":{"index":"index","follow":"follow","max-snippet":"max-snippet:-1","max-image-preview":"max-image-preview:large","max-video-preview":"max-video-preview:-1"},"canonical":"https:\/\/staging.dontpanicgames.com\/fr\/shop\/drakerys\/paladinat-irosia\/army-box-paladinat-d-irosia\/","og_locale":"fr_FR","og_type":"article","og_title":"Bo\u00eete Arm\u00e9e : Paladinat d'Irosia - Don&#039;t Panic Games","og_description":"L\u2019Army Box Paladinat d'Irosia contient tout ce dont un joueur a besoin pour conqu\u00e9rir Drakerys et mener une glorieuse arm\u00e9e irosienne.   Le contenu de cette bo\u00eete peut \u00eatre renforc\u00e9 avec des Unit Box et Solo Box Ashral, ainsi qu\u2019avec des alli\u00e9s \u00e9l\u00e9mentaires.  CONTENU : \u2022 1 H\u00e9ro\u00efne \u00c9veill\u00e9e d\u2019Irosia (3 combinaisons d\u2019armes) \u2022 2 Minotaures d\u2019Irosia (3 combinaisons d\u2019armes) \u2022 15 Conscrits d\u2019Irosia (3 combinaisons d\u2019armes) \u2022 R\u00e8gles de d\u00e9marrage rapide \u2022 Pions \u2022 41 cartes (profils, magie, Table d\u2019Action) \u2022 5 r\u00e9glettes (5 cm, 10 cm, 15 cm, 20 cm et 25 cm) \u2022 10 d\u00e9s Irosia \u2022 1 d\u00e9 de d\u00e9viation","og_url":"https:\/\/staging.dontpanicgames.com\/fr\/shop\/drakerys\/paladinat-irosia\/army-box-paladinat-d-irosia\/","og_site_name":"Don&#039;t Panic Games","article_publisher":"https:\/\/www.facebook.com\/dontpanicgames\/","article_modified_time":"2017-10-17T13:59:51+00:00","og_image":[{"width":1000,"height":1000,"url":"https:\/\/staging.dontpanicgames.com\/wp-content\/uploads\/addFromServer\/products\/IRAB2201-armybox-irosia-mockup-b.jpg","type":"image\/jpeg"}],"twitter_card":"summary_large_image","twitter_site":"@DontPanicGames1","twitter_misc":{"Dur\u00e9e de lecture estim\u00e9e":"1 minute"},"schema":{"@context":"https:\/\/schema.org","@graph":[{"@type":"WebPage","@id":"https:\/\/staging.dontpanicgames.com\/fr\/shop\/drakerys\/paladinat-irosia\/army-box-paladinat-d-irosia\/","url":"https:\/\/staging.dontpanicgames.com\/fr\/shop\/drakerys\/paladinat-irosia\/army-box-paladinat-d-irosia\/","name":"Bo\u00eete Arm\u00e9e : Paladinat d'Irosia - Don&#039;t Panic Games","isPartOf":{"@id":"https:\/\/staging.dontpanicgames.com\/fr\/#website"},"primaryImageOfPage":{"@id":"https:\/\/staging.dontpanicgames.com\/fr\/shop\/drakerys\/paladinat-irosia\/army-box-paladinat-d-irosia\/#primaryimage"},"image":{"@id":"https:\/\/staging.dontpanicgames.com\/fr\/shop\/drakerys\/paladinat-irosia\/army-box-paladinat-d-irosia\/#primaryimage"},"thumbnailUrl":"https:\/\/staging.dontpanicgames.com\/wp-content\/uploads\/addFromServer\/products\/IRAB2201-armybox-irosia-mockup-b.jpg","datePublished":"2017-09-19T14:30:18+00:00","dateModified":"2017-10-17T13:59:51+00:00","breadcrumb":{"@id":"https:\/\/staging.dontpanicgames.com\/fr\/shop\/drakerys\/paladinat-irosia\/army-box-paladinat-d-irosia\/#breadcrumb"},"inLanguage":"fr-FR","potentialAction":[{"@type":"ReadAction","target":["https:\/\/staging.dontpanicgames.com\/fr\/shop\/drakerys\/paladinat-irosia\/army-box-paladinat-d-irosia\/"]}]},{"@type":"ImageObject","inLanguage":"fr-FR","@id":"https:\/\/staging.dontpanicgames.com\/fr\/shop\/drakerys\/paladinat-irosia\/army-box-paladinat-d-irosia\/#primaryimage","url":"https:\/\/staging.dontpanicgames.com\/wp-content\/uploads\/addFromServer\/products\/IRAB2201-armybox-irosia-mockup-b.jpg","contentUrl":"https:\/\/staging.dontpanicgames.com\/wp-content\/uploads\/addFromServer\/products\/IRAB2201-armybox-irosia-mockup-b.jpg","width":1000,"height":1000},{"@type":"BreadcrumbList","@id":"https:\/\/staging.dontpanicgames.com\/fr\/shop\/drakerys\/paladinat-irosia\/army-box-paladinat-d-irosia\/#breadcrumb","itemListElement":[{"@type":"ListItem","position":1,"name":"Accueil","item":"https:\/\/staging.dontpanicgames.com\/fr\/"},{"@type":"ListItem","position":2,"name":"Nos jeux","item":"https:\/\/staging.dontpanicgames.com\/fr\/nos-jeux\/"},{"@type":"ListItem","position":3,"name":"Drakerys","item":"https:\/\/staging.dontpanicgames.com\/fr\/shop\/c\/drakerys\/"},{"@type":"ListItem","position":4,"name":"Paladinat d'Irosia","item":"https:\/\/staging.dontpanicgames.com\/fr\/shop\/c\/drakerys\/paladinat-irosia\/"},{"@type":"ListItem","position":5,"name":"Bo\u00eete Arm\u00e9e : Paladinat d&rsquo;Irosia"}]},{"@type":"WebSite","@id":"https:\/\/staging.dontpanicgames.com\/fr\/#website","url":"https:\/\/staging.dontpanicgames.com\/fr\/","name":"Don&#039;t Panic Games","description":"Don&#039;t Panic Games.com website","potentialAction":[{"@type":"SearchAction","target":{"@type":"EntryPoint","urlTemplate":"https:\/\/staging.dontpanicgames.com\/fr\/?s={search_term_string}"},"query-input":{"@type":"PropertyValueSpecification","valueRequired":true,"valueName":"search_term_string"}}],"inLanguage":"fr-FR"}]}},"_links":{"self":[{"href":"https:\/\/staging.dontpanicgames.com\/fr\/wp-json\/wp\/v2\/product\/12954","targetHints":{"allow":["GET"]}}],"collection":[{"href":"https:\/\/staging.dontpanicgames.com\/fr\/wp-json\/wp\/v2\/product"}],"about":[{"href":"https:\/\/staging.dontpanicgames.com\/fr\/wp-json\/wp\/v2\/types\/product"}],"wp:featuredmedia":[{"embeddable":true,"href":"https:\/\/staging.dontpanicgames.com\/fr\/wp-json\/wp\/v2\/media\/12260"}],"wp:attachment":[{"href":"https:\/\/staging.dontpanicgames.com\/fr\/wp-json\/wp\/v2\/media?parent=12954"}],"wp:term":[{"taxonomy":"product_brand","embeddable":true,"href":"https:\/\/staging.dontpanicgames.com\/fr\/wp-json\/wp\/v2\/product_brand?post=12954"},{"taxonomy":"product_cat","embeddable":true,"href":"https:\/\/staging.dontpanicgames.com\/fr\/wp-json\/wp\/v2\/product_cat?post=12954"},{"taxonomy":"product_tag","embeddable":true,"href":"https:\/\/staging.dontpanicgames.com\/fr\/wp-json\/wp\/v2\/product_tag?post=12954"}],"curies":[{"name":"wp","href":"https:\/\/api.w.org\/{rel}","templated":true}]}}