{"id":8221,"date":"2014-09-24T13:09:49","date_gmt":"2014-09-24T12:09:49","guid":{"rendered":"https:\/\/www.dontpanicgames.com\/a-propos\/"},"modified":"2019-11-01T10:45:29","modified_gmt":"2019-11-01T09:45:29","slug":"a-propos","status":"publish","type":"page","link":"https:\/\/staging.dontpanicgames.com\/fr\/a-propos\/","title":{"rendered":"A propos"},"content":{"rendered":"<div class=\"wpb-content-wrapper\">[vc_row fullwidth=\u00a0\u00bbtrue\u00a0\u00bb attached=\u00a0\u00bbtrue\u00a0\u00bb padding=\u00a0\u00bb0&Prime;][vc_column][mk_page_title_box page_title=\u00a0\u00bbDon&rsquo;t Panic Games\u00a0\u00bb page_subtitle=\u00a0\u00bbEditeur de jeux de soci\u00e9t\u00e9\u00a0\u00bb section_height=\u00a0\u00bb550&Prime; bg_image=\u00a0\u00bbhttps:\/\/www.dontpanicgames.com\/wp-content\/uploads\/2019\/02\/dpg-about-head-banner-1500.jpg\u00a0\u00bb bg_position=\u00a0\u00bbcenter top\u00a0\u00bb bg_repeat=\u00a0\u00bbno-repeat\u00a0\u00bb bg_stretch=\u00a0\u00bbtrue\u00a0\u00bb overlay=\u00a0\u00bbrgba(80,90,95,0.2)\u00a0\u00bb bg_effects=\u00a0\u00bbparallax\u00a0\u00bb title_letter_spacing=\u00a0\u00bb1&Prime; font_color=\u00a0\u00bb#ffda0b\u00a0\u00bb font_weight=\u00a0\u00bb900&Prime; underline=\u00a0\u00bbfalse\u00a0\u00bb padding=\u00a0\u00bb0&Prime; sub_font_color=\u00a0\u00bb#ffffff\u00a0\u00bb][\/vc_column][\/vc_row][vc_row][vc_column css=\u00a0\u00bb.vc_custom_1531398455101{padding-top: 60px !important;padding-bottom: 80px !important;}\u00a0\u00bb][mk_fancy_title tag_name=\u00a0\u00bbh3&Prime; color=\u00a0\u00bb#444444&Prime; size=\u00a0\u00bb34&Prime; txt_transform=\u00a0\u00bbnone\u00a0\u00bb margin_bottom=\u00a0\u00bb60&Prime; font_family=\u00a0\u00bbnone\u00a0\u00bb align=\u00a0\u00bbcenter\u00a0\u00bb]Nous d\u00e9veloppons les cultures de l\u2019imaginaire.[\/mk_fancy_title][vc_row_inner padding=\u00a0\u00bb1&Prime;][vc_column_inner][vc_column_text el_class=\u00a0\u00bbtwocols-desktop\u00a0\u00bb css=\u00a0\u00bb.vc_custom_1572601519070{margin-bottom: 0px !important;}\u00a0\u00bb]Cr\u00e9\u00e9e en 2013, Don\u2019t Panic Games est une entreprise fran\u00e7aise d\u2019\u00e9dition de jeux de soci\u00e9t\u00e9 et de livres-jeux. Cofond\u00e9e et dirig\u00e9e par C\u00e9dric\u00a0Littardi, le cr\u00e9ateur de Kaz\u00e9, d\u2019<em>AnimeLand<\/em>, d\u2019Ynnis \u00c9ditions et du <em>Dernier Bar avant la fin du monde<\/em>, Don\u2019t Panic Games s\u2019inscrit dans une volont\u00e9 d\u2019int\u00e9gration et de c\u00e9l\u00e9bration des cultures de l\u2019imaginaire sous toutes leurs formes.<\/p>\n<p>C\u2019est sous cette direction \u00e9ditoriale que le catalogue \u00e9clectique de Don\u2019t Panic Games s\u2019est constitu\u00e9, entre cr\u00e9ations originales (<em>Maiko<\/em>, <em>Attack on Titan \u2013 Le Dernier Rempart<\/em>, <em>Escape Quest<\/em>, <em>Game of Dragon Boules Dead<\/em>\u2026) et localisations soign\u00e9es (<em>Champions de Midgard<\/em>, <em>DC Comics Deck-Building Game<\/em>, <em>Rick and Morty Total Rickall<\/em>, <em>L\u00e2che pas la savonnette<\/em>\u2026).<\/p>\n<p>Du <em>party game<\/em> familial au jeu de plateau avec figurines, des <em>anime<\/em> aux <em>comics<\/em>, tous les univers de la pop culture sont mis en valeur \u00e0 travers la production vari\u00e9e et haute en couleur de Don\u2019t Panic Games.[\/vc_column_text][\/vc_column_inner][\/vc_row_inner][\/vc_column][\/vc_row][mk_page_section bg_color=\u00a0\u00bb#f0881f\u00a0\u00bb padding_top=\u00a0\u00bb50&Prime; padding_bottom=\u00a0\u00bb50&Prime; sidebar=\u00a0\u00bbsidebar-1&Prime;][vc_column][vc_row_inner attached=\u00a0\u00bbtrue\u00a0\u00bb column_padding=\u00a0\u00bb2&Prime;][vc_column_inner width=\u00a0\u00bb1\/2&Prime;][mk_fancy_title strip_tags=\u00a0\u00bbtrue\u00a0\u00bb color=\u00a0\u00bb#ffffff\u00a0\u00bb size=\u00a0\u00bb22&Prime; font_weight=\u00a0\u00bbbold\u00a0\u00bb txt_transform=\u00a0\u00bbuppercase\u00a0\u00bb margin_top=\u00a0\u00bb15&Prime; margin_bottom=\u00a0\u00bb0&Prime; font_family=\u00a0\u00bbnone\u00a0\u00bb align=\u00a0\u00bbright\u00a0\u00bb]Vous voulez travailler avec nous ?[\/mk_fancy_title][\/vc_column_inner][vc_column_inner width=\u00a0\u00bb1\/2&Prime;][mk_button dimension=\u00a0\u00bbflat\u00a0\u00bb corner_style=\u00a0\u00bbrounded\u00a0\u00bb size=\u00a0\u00bblarge\u00a0\u00bb icon=\u00a0\u00bbmk-moon-mail-send\u00a0\u00bb icon_anim=\u00a0\u00bbside\u00a0\u00bb url=\u00a0\u00bbhttps:\/\/www.dontpanicgames.com\/fr\/contact\/\u00a0\u00bb margin_bottom=\u00a0\u00bb0&Prime; margin_right=\u00a0\u00bb0&Prime; animation=\u00a0\u00bbfade-in\u00a0\u00bb bg_color=\u00a0\u00bb#1a181b\u00a0\u00bb]CONTACTEZ-NOUS[\/mk_button][\/vc_column_inner][\/vc_row_inner][\/vc_column][\/mk_page_section][vc_row][vc_column css=\u00a0\u00bb.vc_custom_1531398514263{padding-top: 70px !important;}\u00a0\u00bb][mk_fancy_title color=\u00a0\u00bb#444444&Prime; size=\u00a0\u00bb34&Prime; txt_transform=\u00a0\u00bbnone\u00a0\u00bb margin_bottom=\u00a0\u00bb0&Prime; font_family=\u00a0\u00bbnone\u00a0\u00bb align=\u00a0\u00bbcenter\u00a0\u00bb]Les auteurs[\/mk_fancy_title][mk_fancy_title tag_name=\u00a0\u00bbh5&Prime; color=\u00a0\u00bb#999999&Prime; size=\u00a0\u00bb18&Prime; line_height=\u00a0\u00bb80&Prime; txt_transform=\u00a0\u00bbnone\u00a0\u00bb margin_bottom=\u00a0\u00bb60&Prime; font_family=\u00a0\u00bbnone\u00a0\u00bb align=\u00a0\u00bbcenter\u00a0\u00bb]D\u00e9couvrez les auteurs publi\u00e9s par Don&rsquo;t Panic Games.[\/mk_fancy_title][mk_employees column=\u00a0\u00bb5&Prime; count=\u00a0\u00bb-1&Prime; description=\u00a0\u00bbfalse\u00a0\u00bb order=\u00a0\u00bbASC\u00a0\u00bb orderby=\u00a0\u00bbtitle\u00a0\u00bb animation=\u00a0\u00bbscale-up\u00a0\u00bb box_blur=\u00a0\u00bbfalse\u00a0\u00bb categories=\u00a0\u00bbauteurs\u00a0\u00bb][\/vc_column][\/vc_row]\n<\/div><span class=\"et_bloom_bottom_trigger\"><\/span>","protected":false},"excerpt":{"rendered":"<p>[vc_row fullwidth=\u00a0\u00bbtrue\u00a0\u00bb attached=\u00a0\u00bbtrue\u00a0\u00bb padding=\u00a0\u00bb0&Prime;][vc_column][mk_page_title_box page_title=\u00a0\u00bbDon&rsquo;t Panic Games\u00a0\u00bb page_subtitle=\u00a0\u00bbEditeur de jeux de soci\u00e9t\u00e9\u00a0\u00bb section_height=\u00a0\u00bb550&Prime; bg_image=\u00a0\u00bbhttps:\/\/www.dontpanicgames.com\/wp-content\/uploads\/2019\/02\/dpg-about-head-banner-1500.jpg\u00a0\u00bb bg_position=\u00a0\u00bbcenter top\u00a0\u00bb bg_repeat=\u00a0\u00bbno-repeat\u00a0\u00bb bg_stretch=\u00a0\u00bbtrue\u00a0\u00bb overlay=\u00a0\u00bbrgba(80,90,95,0.2)\u00a0\u00bb bg_effects=\u00a0\u00bbparallax\u00a0\u00bb title_letter_spacing=\u00a0\u00bb1&Prime; font_color=\u00a0\u00bb#ffda0b\u00a0\u00bb font_weight=\u00a0\u00bb900&Prime; underline=\u00a0\u00bbfalse\u00a0\u00bb padding=\u00a0\u00bb0&Prime; sub_font_color=\u00a0\u00bb#ffffff\u00a0\u00bb][\/vc_column][\/vc_row][vc_row][vc_column css=\u00a0\u00bb.vc_custom_1531398455101{padding-top: 60px !important;padding-bottom: 80px !important;}\u00a0\u00bb][mk_fancy_title tag_name=\u00a0\u00bbh3&Prime; color=\u00a0\u00bb#444444&Prime; size=\u00a0\u00bb34&Prime; txt_transform=\u00a0\u00bbnone\u00a0\u00bb margin_bottom=\u00a0\u00bb60&Prime; font_family=\u00a0\u00bbnone\u00a0\u00bb align=\u00a0\u00bbcenter\u00a0\u00bb]Nous d\u00e9veloppons les cultures de l\u2019imaginaire.[\/mk_fancy_title][vc_row_inner padding=\u00a0\u00bb1&Prime;][vc_column_inner][vc_column_text el_class=\u00a0\u00bbtwocols-desktop\u00a0\u00bb css=\u00a0\u00bb.vc_custom_1572601519070{margin-bottom: 0px !important;}\u00a0\u00bb]Cr\u00e9\u00e9e en 2013, Don\u2019t Panic Games est une [&hellip;]<\/p>\n","protected":false},"author":1,"featured_media":0,"parent":0,"menu_order":0,"comment_status":"open","ping_status":"closed","template":"","meta":{"_acf_changed":false,"footnotes":""},"categories":[],"tags":[],"class_list":["post-8221","page","type-page","status-publish","hentry"],"acf":[],"yoast_head":"<!-- This site is optimized with the Yoast SEO plugin v25.2 - https:\/\/yoast.com\/wordpress\/plugins\/seo\/ -->\n<title>A propos Don&#039;t Panic Games<\/title>\n<meta name=\"description\" content=\"Don\u2019t Panic Games est une maison d\u2019\u00e9dition de jeux de soci\u00e9t\u00e9 cr\u00e9\u00e9e en 2013, n\u00e9e d\u2019un travail commun entre trois deux sp\u00e9cialistes passionn\u00e9s du jeu. Don\u2019t Panic Games a pour ambition de d\u00e9velopper les cultures de l\u2019imaginaire en s\u2019appuyant sur de solides connaissances du jeu et sur les multiples possibilit\u00e9s qu\u2019offrent le trans-m\u00e9dia.\" \/>\n<meta name=\"robots\" content=\"index, follow, max-snippet:-1, max-image-preview:large, max-video-preview:-1\" \/>\n<link rel=\"canonical\" href=\"https:\/\/staging.dontpanicgames.com\/fr\/a-propos\/\" \/>\n<meta property=\"og:locale\" content=\"fr_FR\" \/>\n<meta property=\"og:type\" content=\"article\" \/>\n<meta property=\"og:title\" content=\"A propos Don&#039;t Panic Games\" \/>\n<meta property=\"og:description\" content=\"Don\u2019t Panic Games est une maison d\u2019\u00e9dition de jeux de soci\u00e9t\u00e9 cr\u00e9\u00e9e en 2013, n\u00e9e d\u2019un travail commun entre trois deux sp\u00e9cialistes passionn\u00e9s du jeu. Don\u2019t Panic Games a pour ambition de d\u00e9velopper les cultures de l\u2019imaginaire en s\u2019appuyant sur de solides connaissances du jeu et sur les multiples possibilit\u00e9s qu\u2019offrent le trans-m\u00e9dia.\" \/>\n<meta property=\"og:url\" content=\"https:\/\/staging.dontpanicgames.com\/fr\/a-propos\/\" \/>\n<meta property=\"og:site_name\" content=\"Don&#039;t Panic Games\" \/>\n<meta property=\"article:publisher\" content=\"https:\/\/www.facebook.com\/dontpanicgames\/\" \/>\n<meta property=\"article:modified_time\" content=\"2019-11-01T09:45:29+00:00\" \/>\n<meta property=\"og:image\" content=\"https:\/\/staging.dontpanicgames.com\/wp-content\/uploads\/2017\/01\/logo-dpg.png\" \/>\n\t<meta property=\"og:image:width\" content=\"180\" \/>\n\t<meta property=\"og:image:height\" content=\"180\" \/>\n\t<meta property=\"og:image:type\" content=\"image\/png\" \/>\n<meta name=\"twitter:card\" content=\"summary_large_image\" \/>\n<meta name=\"twitter:site\" content=\"@DontPanicGames1\" \/>\n<meta name=\"twitter:label1\" content=\"Dur\u00e9e de lecture estim\u00e9e\" \/>\n\t<meta name=\"twitter:data1\" content=\"3 minutes\" \/>\n<script type=\"application\/ld+json\" class=\"yoast-schema-graph\">{\"@context\":\"https:\/\/schema.org\",\"@graph\":[{\"@type\":\"WebPage\",\"@id\":\"https:\/\/staging.dontpanicgames.com\/fr\/a-propos\/\",\"url\":\"https:\/\/staging.dontpanicgames.com\/fr\/a-propos\/\",\"name\":\"A propos Don&#039;t Panic Games\",\"isPartOf\":{\"@id\":\"https:\/\/staging.dontpanicgames.com\/fr\/#website\"},\"datePublished\":\"2014-09-24T12:09:49+00:00\",\"dateModified\":\"2019-11-01T09:45:29+00:00\",\"description\":\"Don\u2019t Panic Games est une maison d\u2019\u00e9dition de jeux de soci\u00e9t\u00e9 cr\u00e9\u00e9e en 2013, n\u00e9e d\u2019un travail commun entre trois deux sp\u00e9cialistes passionn\u00e9s du jeu. Don\u2019t Panic Games a pour ambition de d\u00e9velopper les cultures de l\u2019imaginaire en s\u2019appuyant sur de solides connaissances du jeu et sur les multiples possibilit\u00e9s qu\u2019offrent le trans-m\u00e9dia.\",\"breadcrumb\":{\"@id\":\"https:\/\/staging.dontpanicgames.com\/fr\/a-propos\/#breadcrumb\"},\"inLanguage\":\"fr-FR\",\"potentialAction\":[{\"@type\":\"ReadAction\",\"target\":[\"https:\/\/staging.dontpanicgames.com\/fr\/a-propos\/\"]}]},{\"@type\":\"BreadcrumbList\",\"@id\":\"https:\/\/staging.dontpanicgames.com\/fr\/a-propos\/#breadcrumb\",\"itemListElement\":[{\"@type\":\"ListItem\",\"position\":1,\"name\":\"Accueil\",\"item\":\"https:\/\/staging.dontpanicgames.com\/fr\/\"},{\"@type\":\"ListItem\",\"position\":2,\"name\":\"A propos\"}]},{\"@type\":\"WebSite\",\"@id\":\"https:\/\/staging.dontpanicgames.com\/fr\/#website\",\"url\":\"https:\/\/staging.dontpanicgames.com\/fr\/\",\"name\":\"Don&#039;t Panic Games\",\"description\":\"Don&#039;t Panic Games.com website\",\"potentialAction\":[{\"@type\":\"SearchAction\",\"target\":{\"@type\":\"EntryPoint\",\"urlTemplate\":\"https:\/\/staging.dontpanicgames.com\/fr\/?s={search_term_string}\"},\"query-input\":{\"@type\":\"PropertyValueSpecification\",\"valueRequired\":true,\"valueName\":\"search_term_string\"}}],\"inLanguage\":\"fr-FR\"}]}<\/script>\n<!-- \/ Yoast SEO plugin. -->","yoast_head_json":{"title":"A propos Don&#039;t Panic Games","description":"Don\u2019t Panic Games est une maison d\u2019\u00e9dition de jeux de soci\u00e9t\u00e9 cr\u00e9\u00e9e en 2013, n\u00e9e d\u2019un travail commun entre trois deux sp\u00e9cialistes passionn\u00e9s du jeu. Don\u2019t Panic Games a pour ambition de d\u00e9velopper les cultures de l\u2019imaginaire en s\u2019appuyant sur de solides connaissances du jeu et sur les multiples possibilit\u00e9s qu\u2019offrent le trans-m\u00e9dia.","robots":{"index":"index","follow":"follow","max-snippet":"max-snippet:-1","max-image-preview":"max-image-preview:large","max-video-preview":"max-video-preview:-1"},"canonical":"https:\/\/staging.dontpanicgames.com\/fr\/a-propos\/","og_locale":"fr_FR","og_type":"article","og_title":"A propos Don&#039;t Panic Games","og_description":"Don\u2019t Panic Games est une maison d\u2019\u00e9dition de jeux de soci\u00e9t\u00e9 cr\u00e9\u00e9e en 2013, n\u00e9e d\u2019un travail commun entre trois deux sp\u00e9cialistes passionn\u00e9s du jeu. Don\u2019t Panic Games a pour ambition de d\u00e9velopper les cultures de l\u2019imaginaire en s\u2019appuyant sur de solides connaissances du jeu et sur les multiples possibilit\u00e9s qu\u2019offrent le trans-m\u00e9dia.","og_url":"https:\/\/staging.dontpanicgames.com\/fr\/a-propos\/","og_site_name":"Don&#039;t Panic Games","article_publisher":"https:\/\/www.facebook.com\/dontpanicgames\/","article_modified_time":"2019-11-01T09:45:29+00:00","og_image":[{"width":180,"height":180,"url":"https:\/\/staging.dontpanicgames.com\/wp-content\/uploads\/2017\/01\/logo-dpg.png","type":"image\/png"}],"twitter_card":"summary_large_image","twitter_site":"@DontPanicGames1","twitter_misc":{"Dur\u00e9e de lecture estim\u00e9e":"3 minutes"},"schema":{"@context":"https:\/\/schema.org","@graph":[{"@type":"WebPage","@id":"https:\/\/staging.dontpanicgames.com\/fr\/a-propos\/","url":"https:\/\/staging.dontpanicgames.com\/fr\/a-propos\/","name":"A propos Don&#039;t Panic Games","isPartOf":{"@id":"https:\/\/staging.dontpanicgames.com\/fr\/#website"},"datePublished":"2014-09-24T12:09:49+00:00","dateModified":"2019-11-01T09:45:29+00:00","description":"Don\u2019t Panic Games est une maison d\u2019\u00e9dition de jeux de soci\u00e9t\u00e9 cr\u00e9\u00e9e en 2013, n\u00e9e d\u2019un travail commun entre trois deux sp\u00e9cialistes passionn\u00e9s du jeu. Don\u2019t Panic Games a pour ambition de d\u00e9velopper les cultures de l\u2019imaginaire en s\u2019appuyant sur de solides connaissances du jeu et sur les multiples possibilit\u00e9s qu\u2019offrent le trans-m\u00e9dia.","breadcrumb":{"@id":"https:\/\/staging.dontpanicgames.com\/fr\/a-propos\/#breadcrumb"},"inLanguage":"fr-FR","potentialAction":[{"@type":"ReadAction","target":["https:\/\/staging.dontpanicgames.com\/fr\/a-propos\/"]}]},{"@type":"BreadcrumbList","@id":"https:\/\/staging.dontpanicgames.com\/fr\/a-propos\/#breadcrumb","itemListElement":[{"@type":"ListItem","position":1,"name":"Accueil","item":"https:\/\/staging.dontpanicgames.com\/fr\/"},{"@type":"ListItem","position":2,"name":"A propos"}]},{"@type":"WebSite","@id":"https:\/\/staging.dontpanicgames.com\/fr\/#website","url":"https:\/\/staging.dontpanicgames.com\/fr\/","name":"Don&#039;t Panic Games","description":"Don&#039;t Panic Games.com website","potentialAction":[{"@type":"SearchAction","target":{"@type":"EntryPoint","urlTemplate":"https:\/\/staging.dontpanicgames.com\/fr\/?s={search_term_string}"},"query-input":{"@type":"PropertyValueSpecification","valueRequired":true,"valueName":"search_term_string"}}],"inLanguage":"fr-FR"}]}},"_links":{"self":[{"href":"https:\/\/staging.dontpanicgames.com\/fr\/wp-json\/wp\/v2\/pages\/8221","targetHints":{"allow":["GET"]}}],"collection":[{"href":"https:\/\/staging.dontpanicgames.com\/fr\/wp-json\/wp\/v2\/pages"}],"about":[{"href":"https:\/\/staging.dontpanicgames.com\/fr\/wp-json\/wp\/v2\/types\/page"}],"author":[{"embeddable":true,"href":"https:\/\/staging.dontpanicgames.com\/fr\/wp-json\/wp\/v2\/users\/1"}],"replies":[{"embeddable":true,"href":"https:\/\/staging.dontpanicgames.com\/fr\/wp-json\/wp\/v2\/comments?post=8221"}],"version-history":[{"count":0,"href":"https:\/\/staging.dontpanicgames.com\/fr\/wp-json\/wp\/v2\/pages\/8221\/revisions"}],"wp:attachment":[{"href":"https:\/\/staging.dontpanicgames.com\/fr\/wp-json\/wp\/v2\/media?parent=8221"}],"wp:term":[{"taxonomy":"category","embeddable":true,"href":"https:\/\/staging.dontpanicgames.com\/fr\/wp-json\/wp\/v2\/categories?post=8221"},{"taxonomy":"post_tag","embeddable":true,"href":"https:\/\/staging.dontpanicgames.com\/fr\/wp-json\/wp\/v2\/tags?post=8221"}],"curies":[{"name":"wp","href":"https:\/\/api.w.org\/{rel}","templated":true}]}}